{"id":3672,"date":"2026-01-16T07:55:28","date_gmt":"2026-01-16T06:55:28","guid":{"rendered":"https:\/\/www.aravinc.com\/?page_id=3672"},"modified":"2026-01-16T10:43:26","modified_gmt":"2026-01-16T09:43:26","slug":"food-delivery","status":"publish","type":"page","link":"https:\/\/www.aravinc.com\/ca\/food-delivery\/","title":{"rendered":"Food Delivery"},"content":{"rendered":"\t\t<div data-elementor-type=\"wp-page\" data-elementor-id=\"3672\" class=\"elementor elementor-3672 elementor-3656\" data-elementor-post-type=\"page\">\n\t\t\t\t\t\t<section class=\"elementor-section elementor-top-section elementor-element elementor-element-73ac29e4 ara-capcelera elementor-section-boxed elementor-section-height-default elementor-section-height-default\" data-id=\"73ac29e4\" data-element_type=\"section\" data-e-type=\"section\" data-settings=\"{&quot;background_background&quot;:&quot;classic&quot;}\">\n\t\t\t\t\t\t\t<div class=\"elementor-background-overlay\"><\/div>\n\t\t\t\t\t\t\t<div class=\"elementor-container elementor-column-gap-default\">\n\t\t\t\t\t<div class=\"elementor-column elementor-col-100 elementor-top-column elementor-element elementor-element-6e005a6\" data-id=\"6e005a6\" data-element_type=\"column\" data-e-type=\"column\">\n\t\t\t<div class=\"elementor-widget-wrap elementor-element-populated\">\n\t\t\t\t\t\t<div class=\"elementor-element elementor-element-389584a elementor-widget__width-initial elementor-widget elementor-widget-image-box\" data-id=\"389584a\" data-element_type=\"widget\" data-e-type=\"widget\" data-widget_type=\"image-box.default\">\n\t\t\t\t<div class=\"elementor-widget-container\">\n\t\t\t\t\t<div class=\"elementor-image-box-wrapper\"><div class=\"elementor-image-box-content\"><h1 class=\"elementor-image-box-title\">Food Delivery<\/h1><p class=\"elementor-image-box-description\">Incorpora't a una empresa de missatgeria l\u00edder a Espanya<\/p><\/div><\/div>\t\t\t\t<\/div>\n\t\t\t\t<\/div>\n\t\t\t\t\t<\/div>\n\t\t<\/div>\n\t\t\t\t\t<\/div>\n\t\t<\/section>\n\t\t\t\t<section class=\"elementor-section elementor-top-section elementor-element elementor-element-62bed5e3 elementor-section-content-middle elementor-section-boxed elementor-section-height-default elementor-section-height-default\" data-id=\"62bed5e3\" data-element_type=\"section\" data-e-type=\"section\">\n\t\t\t\t\t\t<div class=\"elementor-container elementor-column-gap-default\">\n\t\t\t\t\t<div class=\"elementor-column elementor-col-50 elementor-top-column elementor-element elementor-element-322d7126\" data-id=\"322d7126\" data-element_type=\"column\" data-e-type=\"column\" data-settings=\"{&quot;background_background&quot;:&quot;classic&quot;}\">\n\t\t\t<div class=\"elementor-widget-wrap elementor-element-populated\">\n\t\t\t\t\t\t<div class=\"elementor-element elementor-element-25b3ce0 elementor-widget elementor-widget-spacer\" data-id=\"25b3ce0\" data-element_type=\"widget\" data-e-type=\"widget\" data-widget_type=\"spacer.default\">\n\t\t\t\t<div class=\"elementor-widget-container\">\n\t\t\t\t\t\t\t<div class=\"elementor-spacer\">\n\t\t\t<div class=\"elementor-spacer-inner\"><\/div>\n\t\t<\/div>\n\t\t\t\t\t\t<\/div>\n\t\t\t\t<\/div>\n\t\t\t\t\t<\/div>\n\t\t<\/div>\n\t\t\t\t<div class=\"elementor-column elementor-col-50 elementor-top-column elementor-element elementor-element-577a1c9e\" data-id=\"577a1c9e\" data-element_type=\"column\" data-e-type=\"column\">\n\t\t\t<div class=\"elementor-widget-wrap elementor-element-populated\">\n\t\t\t\t\t\t<div class=\"elementor-element elementor-element-3c23756 elementor-widget elementor-widget-heading\" data-id=\"3c23756\" data-element_type=\"widget\" data-e-type=\"widget\" data-widget_type=\"heading.default\">\n\t\t\t\t<div class=\"elementor-widget-container\">\n\t\t\t\t\t<h2 class=\"elementor-heading-title elementor-size-default\">Envia\u2019ns les teves dades:<\/h2>\t\t\t\t<\/div>\n\t\t\t\t<\/div>\n\t\t\t\t<div class=\"elementor-element elementor-element-0cc497b elementor-widget elementor-widget-shortcode\" data-id=\"0cc497b\" data-element_type=\"widget\" data-e-type=\"widget\" data-widget_type=\"shortcode.default\">\n\t\t\t\t<div class=\"elementor-widget-container\">\n\t\t\t\t\t\t\t<div class=\"elementor-shortcode\">\t\t<div data-elementor-type=\"section\" data-elementor-id=\"3665\" class=\"elementor elementor-3665 elementor-3660 elementor-3660\" data-elementor-post-type=\"elementor_library\">\n\t\t\t\t\t<section class=\"elementor-section elementor-top-section elementor-element elementor-element-a1f8191 elementor-section-full_width elementor-section-height-default elementor-section-height-default\" data-id=\"a1f8191\" data-element_type=\"section\" data-e-type=\"section\">\n\t\t\t\t\t\t<div class=\"elementor-container elementor-column-gap-default\">\n\t\t\t\t\t<div class=\"elementor-column elementor-col-100 elementor-top-column elementor-element elementor-element-f793248\" data-id=\"f793248\" data-element_type=\"column\" data-e-type=\"column\">\n\t\t\t<div class=\"elementor-widget-wrap elementor-element-populated\">\n\t\t\t\t\t\t<div class=\"elementor-element elementor-element-5a37ac7 elementor-button-align-start upload-form elementor-widget__width-initial elementor-widget elementor-widget-form\" data-id=\"5a37ac7\" data-element_type=\"widget\" data-e-type=\"widget\" data-settings=\"{&quot;step_next_label&quot;:&quot;Seg\\u00fcent&quot;,&quot;step_previous_label&quot;:&quot;Anterior&quot;,&quot;button_width&quot;:&quot;100&quot;,&quot;step_type&quot;:&quot;number_text&quot;,&quot;step_icon_shape&quot;:&quot;circle&quot;}\" data-widget_type=\"form.default\">\n\t\t\t\t<div class=\"elementor-widget-container\">\n\t\t\t\t\t<template id=\"cfef_logic_data_5a37ac7\" class=\"cfef_logic_data_js\" data-form-id=\"5a37ac7\">{&quot;field_b458a34&quot;:{&quot;display_mode&quot;:&quot;show&quot;,&quot;fire_action&quot;:&quot;All&quot;,&quot;file_types&quot;:&quot;png&quot;,&quot;logic_data&quot;:[{&quot;cfef_logic_field_id&quot;:&quot;field_9f1b190&quot;,&quot;cfef_logic_field_is&quot;:&quot;==&quot;,&quot;cfef_logic_compare_value&quot;:&quot;Otros (indica cu\\u00e1l)&quot;,&quot;_id&quot;:&quot;19e4625&quot;}]}}<\/template>\t\t<form class=\"elementor-form\" method=\"post\" id=\"trabaja_con_nosotros\" name=\"Envia\u2019ns les teves dades:\" aria-label=\"Envia\u2019ns les teves dades:\">\n\t\t\t<input type=\"hidden\" name=\"post_id\" value=\"3665\"\/>\n\t\t\t<input type=\"hidden\" name=\"form_id\" value=\"5a37ac7\"\/>\n\t\t\t<input type=\"hidden\" name=\"referer_title\" value=\"AraVinc\" \/>\n\n\t\t\t\n\t\t\t<div class=\"elementor-form-fields-wrapper elementor-labels-above\">\n\t\t\t\t\t\t\t\t<div class=\"elementor-field-type-text elementor-field-group elementor-column elementor-field-group-name elementor-col-100 elementor-field-required\">\n\t\t\t\t\t\t\t\t\t\t\t\t\t<input size=\"1\" type=\"text\" name=\"form_fields[name]\" id=\"form-field-name\" class=\"elementor-field elementor-size-sm  elementor-field-textual\" placeholder=\"Nom i cognoms\" required=\"required\">\n\t\t\t\t\t\t\t\t\t\t\t<\/div>\n\t\t\t\t\t\t\t\t<div class=\"elementor-field-type-email elementor-field-group elementor-column elementor-field-group-email elementor-col-100 elementor-field-required\">\n\t\t\t\t\t\t\t\t\t\t\t\t\t<input size=\"1\" type=\"email\" name=\"form_fields[email]\" id=\"form-field-email\" class=\"elementor-field elementor-size-sm  elementor-field-textual\" placeholder=\"Email\" required=\"required\">\n\t\t\t\t\t\t\t\t\t\t\t<\/div>\n\t\t\t\t\t\t\t\t<div class=\"elementor-field-type-tel elementor-field-group elementor-column elementor-field-group-tel elementor-col-100 elementor-field-required\">\n\t\t\t\t\t\t\t<input size=\"1\" type=\"tel\" name=\"form_fields[tel]\" id=\"form-field-tel\" class=\"elementor-field elementor-size-sm  elementor-field-textual\" placeholder=\"Tel\u00e8fon\" required=\"required\" pattern=\"[0-9()#&amp;+*-=.]+\" title=\"Only numbers and phone characters (#, -, *, etc) are accepted.\">\n\n\t\t\t\t\t\t<\/div>\n\t\t\t\t\t\t\t\t<div class=\"elementor-field-type-radio elementor-field-group elementor-column elementor-field-group-field_d2717fa elementor-col-100 elementor-field-required\">\n\t\t\t\t\t\t\t\t\t\t\t\t<label for=\"form-field-field_d2717fa\" class=\"elementor-field-label\">\n\t\t\t\t\t\t\t\tTens perm\u00eds de treball?\t\t\t\t\t\t\t<\/label>\n\t\t\t\t\t\t<div class=\"elementor-field-subgroup  \"><span class=\"elementor-field-option\"><input type=\"radio\" value=\"S\u00ed\" id=\"form-field-field_d2717fa-0\" name=\"form_fields[field_d2717fa]\" required=\"required\"> <label for=\"form-field-field_d2717fa-0\">S\u00ed<\/label><\/span><span class=\"elementor-field-option\"><input type=\"radio\" value=\"No\" id=\"form-field-field_d2717fa-1\" name=\"form_fields[field_d2717fa]\" required=\"required\"> <label for=\"form-field-field_d2717fa-1\">No<\/label><\/span><\/div>\t\t\t\t<\/div>\n\t\t\t\t\t\t\t\t<div class=\"elementor-field-type-radio elementor-field-group elementor-column elementor-field-group-field_a56bd52 elementor-col-100 elementor-field-required\">\n\t\t\t\t\t\t\t\t\t\t\t\t<label for=\"form-field-field_a56bd52\" class=\"elementor-field-label\">\n\t\t\t\t\t\t\t\tHas tingut compte a alguna plataforma de Food Delivery?\t\t\t\t\t\t\t<\/label>\n\t\t\t\t\t\t<div class=\"elementor-field-subgroup  \"><span class=\"elementor-field-option\"><input type=\"radio\" value=\"S\u00ed\" id=\"form-field-field_a56bd52-0\" name=\"form_fields[field_a56bd52]\" required=\"required\"> <label for=\"form-field-field_a56bd52-0\">S\u00ed<\/label><\/span><span class=\"elementor-field-option\"><input type=\"radio\" value=\"No\" id=\"form-field-field_a56bd52-1\" name=\"form_fields[field_a56bd52]\" required=\"required\"> <label for=\"form-field-field_a56bd52-1\">No<\/label><\/span><\/div>\t\t\t\t<\/div>\n\t\t\t\t\t\t\t\t<div class=\"elementor-field-type-email elementor-field-group elementor-column elementor-field-group-field_dab0d75 elementor-col-100\">\n\t\t\t\t\t\t\t\t\t\t\t\t<label for=\"form-field-field_dab0d75\" class=\"elementor-field-label\">\n\t\t\t\t\t\t\t\tEn cas afirmatiu, quin \u00e9s el correu amb qu\u00e8 est\u00e0s registrat en aquesta plataforma?\t\t\t\t\t\t\t<\/label>\n\t\t\t\t\t\t\t\t\t\t\t\t\t\t<input size=\"1\" type=\"email\" name=\"form_fields[field_dab0d75]\" id=\"form-field-field_dab0d75\" class=\"elementor-field elementor-size-sm  elementor-field-textual\">\n\t\t\t\t\t\t\t\t\t\t\t<\/div>\n\t\t\t\t\t\t\t\t<div class=\"elementor-field-type-select elementor-field-group elementor-column elementor-field-group-field_c4510d7 elementor-col-100 elementor-field-required\">\n\t\t\t\t\t\t\t\t\t\t\t\t<label for=\"form-field-field_c4510d7\" class=\"elementor-field-label\">\n\t\t\t\t\t\t\t\t\u00bfDispones de veh\u00edculo propio, cual?\t\t\t\t\t\t\t<\/label>\n\t\t\t\t\t\t\t\t<div class=\"elementor-field elementor-select-wrapper remove-before \">\n\t\t\t<div class=\"select-caret-down-wrapper\">\n\t\t\t\t<i aria-hidden=\"true\" class=\"eicon-caret-down\"><\/i>\t\t\t<\/div>\n\t\t\t<select name=\"form_fields[field_c4510d7]\" id=\"form-field-field_c4510d7\" class=\"elementor-field-textual elementor-size-sm\" required=\"required\">\n\t\t\t\t\t\t\t\t\t<option value=\" \">Tipus de vehicle <\/option>\n\t\t\t\t\t\t\t\t\t<option value=\"No tinc vehicle\">No tinc vehicle<\/option>\n\t\t\t\t\t\t\t\t\t<option value=\"Bicicleta\">Bicicleta<\/option>\n\t\t\t\t\t\t\t\t\t<option value=\"Patinet\">Patinet<\/option>\n\t\t\t\t\t\t\t\t\t<option value=\"Bicicleta el\u00e8ctrica\">Bicicleta el\u00e8ctrica<\/option>\n\t\t\t\t\t\t\t\t\t<option value=\"Moto &lt; 125cc\">Moto &lt; 125cc<\/option>\n\t\t\t\t\t\t\t\t\t<option value=\"Moto &gt; 125cc\">Moto &gt; 125cc<\/option>\n\t\t\t\t\t\t\t<\/select>\n\t\t<\/div>\n\t\t\t\t\t\t<\/div>\n\t\t\t\t\t\t\t\t<div class=\"elementor-field-type-select elementor-field-group elementor-column elementor-field-group-field_9f1b190 elementor-col-100 elementor-field-required\">\n\t\t\t\t\t\t\t\t\t\t\t\t<label for=\"form-field-field_9f1b190\" class=\"elementor-field-label\">\n\t\t\t\t\t\t\t\tCiutat on vols treballar\t\t\t\t\t\t\t<\/label>\n\t\t\t\t\t\t\t\t<div class=\"elementor-field elementor-select-wrapper remove-before \">\n\t\t\t<div class=\"select-caret-down-wrapper\">\n\t\t\t\t<i aria-hidden=\"true\" class=\"eicon-caret-down\"><\/i>\t\t\t<\/div>\n\t\t\t<select name=\"form_fields[field_9f1b190]\" id=\"form-field-field_9f1b190\" class=\"elementor-field-textual elementor-size-sm\" required=\"required\">\n\t\t\t\t\t\t\t\t\t<option value=\"Castelldefels\">Castelldefels<\/option>\n\t\t\t\t\t\t\t\t\t<option value=\"Gava Viladecans\">Gava Viladecans<\/option>\n\t\t\t\t\t\t\t\t\t<option value=\"Sant boi\">Sant boi<\/option>\n\t\t\t\t\t\t\t\t\t<option value=\"Sant cugat\">Sant cugat<\/option>\n\t\t\t\t\t\t\t\t\t<option value=\"Sabadell\">Sabadell<\/option>\n\t\t\t\t\t\t\t\t\t<option value=\"Terrassa\">Terrassa<\/option>\n\t\t\t\t\t\t\t\t\t<option value=\"Madrid\">Madrid<\/option>\n\t\t\t\t\t\t\t\t\t<option value=\"Manresa\">Manresa<\/option>\n\t\t\t\t\t\t\t\t\t<option value=\"Granollers\">Granollers<\/option>\n\t\t\t\t\t\t\t\t\t<option value=\"Zaragoza\">Zaragoza<\/option>\n\t\t\t\t\t\t\t\t\t<option value=\"Masnou\">Masnou<\/option>\n\t\t\t\t\t\t\t\t\t<option value=\"Matar\u00f3\">Matar\u00f3<\/option>\n\t\t\t\t\t\t\t\t\t<option value=\"Granollers\">Granollers<\/option>\n\t\t\t\t\t\t\t\t\t<option value=\"Altres (indica cu\u00e1l)\">Altres (indica cu\u00e1l)<\/option>\n\t\t\t\t\t\t\t<\/select>\n\t\t<\/div>\n\t\t\t\t\t\t<\/div>\n\t\t\t\t\t\t\t\t<div class=\"elementor-field-type-text elementor-field-group elementor-column elementor-field-group-field_b458a34 elementor-col-100 elementor-field-required\">\n\t\t\t\t\t\t\t\t\t\t\t\t\t<input size=\"1\" type=\"text\" name=\"form_fields[field_b458a34]\" id=\"form-field-field_b458a34\" class=\"elementor-field elementor-size-sm  elementor-field-textual\" placeholder=\"Ciutat\" required=\"required\">\n\t\t\t\t\t\t\t\t\t\t\t<\/div>\n\t\t\t\t\t\t\t\t<div class=\"elementor-field-type-upload elementor-field-group elementor-column elementor-field-group-file elementor-col-100\">\n\t\t\t\t\t\t\t<input type=\"file\" name=\"form_fields[file]\" id=\"form-field-file\" class=\"elementor-field elementor-size-sm  elementor-upload-field\">\n\n\t\t\t\t\t\t<\/div>\n\t\t\t\t\t\t\t\t<div class=\"elementor-field-type-acceptance elementor-field-group elementor-column elementor-field-group-privacy elementor-col-100 elementor-field-required\">\n\t\t\t\t\t\t\t<div class=\"elementor-field-subgroup\">\n\t\t\t<span class=\"elementor-field-option\">\n\t\t\t\t<input type=\"checkbox\" name=\"form_fields[privacy]\" id=\"form-field-privacy\" class=\"elementor-field elementor-size-sm  elementor-acceptance-field\" required=\"required\">\n\t\t\t\t<label for=\"form-field-privacy\">He llegit i compr\u00e8s les condicions sota les quals s'efectuen els tractaments de dades personals, tal com es descriu en la <a href=\"#\">pol\u00edtica de privacitat.<\/a><\/label>\t\t\t<\/span>\n\t\t<\/div>\n\t\t\t\t\t\t<\/div>\n\t\t\t\t\t\t\t\t<div class=\"elementor-field-type-recaptcha_v3 elementor-field-group elementor-column elementor-field-group-field_681c02e elementor-col-100 recaptcha_v3-bottomright\">\n\t\t\t\t\t<div class=\"elementor-field\" id=\"form-field-field_681c02e\"><div class=\"elementor-g-recaptcha\" data-sitekey=\"6LdSSvMmAAAAAMnqdUKivaxueU7bGQbP7RK0A0n5\" data-type=\"v3\" data-action=\"Form\" data-badge=\"bottomright\" data-size=\"invisible\"><\/div><\/div>\t\t\t\t<\/div>\n\t\t\t\t\t\t\t\t<div class=\"elementor-field-type-hidden elementor-field-group elementor-column elementor-field-group-source elementor-col-100\">\n\t\t\t\t\t\t\t\t\t\t\t\t\t<input size=\"1\" type=\"hidden\" name=\"form_fields[source]\" id=\"form-field-source\" class=\"elementor-field elementor-size-sm  elementor-field-textual\">\n\t\t\t\t\t\t\t\t\t\t\t<\/div>\n\t\t\t\t\t\t\t\t<div class=\"elementor-field-group elementor-column elementor-field-type-submit elementor-col-100 e-form__buttons\">\n\t\t\t\t\t<button class=\"elementor-button elementor-size-md\" type=\"submit\" id=\"send_cv\">\n\t\t\t\t\t\t<span class=\"elementor-button-content-wrapper\">\n\t\t\t\t\t\t\t\t\t\t\t\t\t\t\t\t\t\t\t\t\t\t<span class=\"elementor-button-text\">Enviar<\/span>\n\t\t\t\t\t\t\t\t\t\t\t\t\t<\/span>\n\t\t\t\t\t<\/button>\n\t\t\t\t<\/div>\n\t\t\t<\/div>\n\t\t<\/form>\n\t\t\t\t\t\t<\/div>\n\t\t\t\t<\/div>\n\t\t\t\t\t<\/div>\n\t\t<\/div>\n\t\t\t\t\t<\/div>\n\t\t<\/section>\n\t\t\t\t<\/div>\n\t\t<\/div>\n\t\t\t\t\t\t<\/div>\n\t\t\t\t<\/div>\n\t\t\t\t\t<\/div>\n\t\t<\/div>\n\t\t\t\t\t<\/div>\n\t\t<\/section>\n\t\t\t\t<\/div>\n\t\t","protected":false},"excerpt":{"rendered":"<p>Food Delivery Incorpora&#8217;t a una empresa de missatgeria l\u00edder a Espanya Envia\u2019ns les teves dades:<\/p>\n","protected":false},"author":3,"featured_media":0,"parent":0,"menu_order":0,"comment_status":"closed","ping_status":"closed","template":"","meta":{"_acf_changed":false,"inline_featured_image":false,"footnotes":""},"class_list":["post-3672","page","type-page","status-publish","hentry"],"acf":[],"yoast_head":"<!-- This site is optimized with the Yoast SEO plugin v27.4 - https:\/\/yoast.com\/product\/yoast-seo-wordpress\/ -->\n<title>\u25b7 AraVinc | Food Delivery<\/title>\n<meta name=\"description\" content=\"Food DeliveryIncorpora&#039;t a una empresa de missatgeria l\u00edder a Espanya     Envia\u2019ns les teves dades: \u2713\" \/>\n<meta name=\"robots\" content=\"index, follow, max-snippet:-1, max-image-preview:large, max-video-preview:-1\" \/>\n<link rel=\"canonical\" href=\"https:\/\/www.aravinc.com\/food-delivery\/\" \/>\n<meta property=\"og:locale\" content=\"ca_ES\" \/>\n<meta property=\"og:type\" content=\"article\" \/>\n<meta property=\"og:title\" content=\"\u25b7 AraVinc | Food Delivery\" \/>\n<meta property=\"og:description\" content=\"Food DeliveryIncorpora&#039;t a una empresa de missatgeria l\u00edder a Espanya     Envia\u2019ns les teves dades: \u2713\" \/>\n<meta property=\"og:url\" content=\"https:\/\/www.aravinc.com\/food-delivery\/\" \/>\n<meta property=\"og:site_name\" content=\"AraVinc\" \/>\n<meta property=\"article:modified_time\" content=\"2026-01-16T09:43:26+00:00\" \/>\n<meta name=\"twitter:card\" content=\"summary_large_image\" \/>\n<script type=\"application\/ld+json\" class=\"yoast-schema-graph\">{\"@context\":\"https:\\\/\\\/schema.org\",\"@graph\":[{\"@type\":\"WebPage\",\"@id\":\"https:\\\/\\\/www.aravinc.com\\\/food-delivery\\\/\",\"url\":\"https:\\\/\\\/www.aravinc.com\\\/food-delivery\\\/\",\"name\":\"\u25b7 AraVinc | Food Delivery\",\"isPartOf\":{\"@id\":\"https:\\\/\\\/www.aravinc.com\\\/#website\"},\"datePublished\":\"2026-01-16T06:55:28+00:00\",\"dateModified\":\"2026-01-16T09:43:26+00:00\",\"description\":\"Food DeliveryIncorpora't a una empresa de missatgeria l\u00edder a Espanya Envia\u2019ns les teves dades: \u2713\",\"breadcrumb\":{\"@id\":\"https:\\\/\\\/www.aravinc.com\\\/food-delivery\\\/#breadcrumb\"},\"inLanguage\":\"ca\",\"potentialAction\":[{\"@type\":\"ReadAction\",\"target\":[\"https:\\\/\\\/www.aravinc.com\\\/food-delivery\\\/\"]}]},{\"@type\":\"BreadcrumbList\",\"@id\":\"https:\\\/\\\/www.aravinc.com\\\/food-delivery\\\/#breadcrumb\",\"itemListElement\":[{\"@type\":\"ListItem\",\"position\":1,\"name\":\"Portada\",\"item\":\"https:\\\/\\\/www.aravinc.com\\\/\"},{\"@type\":\"ListItem\",\"position\":2,\"name\":\"Food Delivery\"}]},{\"@type\":\"WebSite\",\"@id\":\"https:\\\/\\\/www.aravinc.com\\\/#website\",\"url\":\"https:\\\/\\\/www.aravinc.com\\\/\",\"name\":\"AraVinc\",\"description\":\"Empresa de mensajer\u00eda\",\"potentialAction\":[{\"@type\":\"SearchAction\",\"target\":{\"@type\":\"EntryPoint\",\"urlTemplate\":\"https:\\\/\\\/www.aravinc.com\\\/?s={search_term_string}\"},\"query-input\":{\"@type\":\"PropertyValueSpecification\",\"valueRequired\":true,\"valueName\":\"search_term_string\"}}],\"inLanguage\":\"ca\"}]}<\/script>\n<!-- \/ Yoast SEO plugin. -->","yoast_head_json":{"title":"\u25b7 AraVinc | Food Delivery","description":"Food DeliveryIncorpora't a una empresa de missatgeria l\u00edder a Espanya     Envia\u2019ns les teves dades: \u2713","robots":{"index":"index","follow":"follow","max-snippet":"max-snippet:-1","max-image-preview":"max-image-preview:large","max-video-preview":"max-video-preview:-1"},"canonical":"https:\/\/www.aravinc.com\/food-delivery\/","og_locale":"ca_ES","og_type":"article","og_title":"\u25b7 AraVinc | Food Delivery","og_description":"Food DeliveryIncorpora't a una empresa de missatgeria l\u00edder a Espanya     Envia\u2019ns les teves dades: \u2713","og_url":"https:\/\/www.aravinc.com\/food-delivery\/","og_site_name":"AraVinc","article_modified_time":"2026-01-16T09:43:26+00:00","twitter_card":"summary_large_image","schema":{"@context":"https:\/\/schema.org","@graph":[{"@type":"WebPage","@id":"https:\/\/www.aravinc.com\/food-delivery\/","url":"https:\/\/www.aravinc.com\/food-delivery\/","name":"\u25b7 AraVinc | Food Delivery","isPartOf":{"@id":"https:\/\/www.aravinc.com\/#website"},"datePublished":"2026-01-16T06:55:28+00:00","dateModified":"2026-01-16T09:43:26+00:00","description":"Food DeliveryIncorpora't a una empresa de missatgeria l\u00edder a Espanya Envia\u2019ns les teves dades: \u2713","breadcrumb":{"@id":"https:\/\/www.aravinc.com\/food-delivery\/#breadcrumb"},"inLanguage":"ca","potentialAction":[{"@type":"ReadAction","target":["https:\/\/www.aravinc.com\/food-delivery\/"]}]},{"@type":"BreadcrumbList","@id":"https:\/\/www.aravinc.com\/food-delivery\/#breadcrumb","itemListElement":[{"@type":"ListItem","position":1,"name":"Portada","item":"https:\/\/www.aravinc.com\/"},{"@type":"ListItem","position":2,"name":"Food Delivery"}]},{"@type":"WebSite","@id":"https:\/\/www.aravinc.com\/#website","url":"https:\/\/www.aravinc.com\/","name":"AraVinc","description":"Empresa de mensajer\u00eda","potentialAction":[{"@type":"SearchAction","target":{"@type":"EntryPoint","urlTemplate":"https:\/\/www.aravinc.com\/?s={search_term_string}"},"query-input":{"@type":"PropertyValueSpecification","valueRequired":true,"valueName":"search_term_string"}}],"inLanguage":"ca"}]}},"_links":{"self":[{"href":"https:\/\/www.aravinc.com\/ca\/wp-json\/wp\/v2\/pages\/3672","targetHints":{"allow":["GET"]}}],"collection":[{"href":"https:\/\/www.aravinc.com\/ca\/wp-json\/wp\/v2\/pages"}],"about":[{"href":"https:\/\/www.aravinc.com\/ca\/wp-json\/wp\/v2\/types\/page"}],"author":[{"embeddable":true,"href":"https:\/\/www.aravinc.com\/ca\/wp-json\/wp\/v2\/users\/3"}],"replies":[{"embeddable":true,"href":"https:\/\/www.aravinc.com\/ca\/wp-json\/wp\/v2\/comments?post=3672"}],"version-history":[{"count":5,"href":"https:\/\/www.aravinc.com\/ca\/wp-json\/wp\/v2\/pages\/3672\/revisions"}],"predecessor-version":[{"id":3696,"href":"https:\/\/www.aravinc.com\/ca\/wp-json\/wp\/v2\/pages\/3672\/revisions\/3696"}],"wp:attachment":[{"href":"https:\/\/www.aravinc.com\/ca\/wp-json\/wp\/v2\/media?parent=3672"}],"curies":[{"name":"wp","href":"https:\/\/api.w.org\/{rel}","templated":true}]}}