{"id":3170,"date":"2021-10-18T07:29:35","date_gmt":"2021-10-18T05:29:35","guid":{"rendered":"https:\/\/www.aravinc.com\/politica-de-cookies\/"},"modified":"2024-03-04T12:27:46","modified_gmt":"2024-03-04T11:27:46","slug":"politica-de-cookies","status":"publish","type":"page","link":"https:\/\/www.aravinc.com\/ca\/politica-de-cookies\/","title":{"rendered":"Pol\u00edtica de Cookies"},"content":{"rendered":"\t\t<div data-elementor-type=\"wp-page\" data-elementor-id=\"3170\" class=\"elementor elementor-3170 elementor-99\" data-elementor-post-type=\"page\">\n\t\t\t\t\t\t<section class=\"elementor-section elementor-top-section elementor-element elementor-element-d40515c elementor-section-boxed elementor-section-height-default elementor-section-height-default\" data-id=\"d40515c\" data-element_type=\"section\" data-e-type=\"section\">\n\t\t\t\t\t\t<div class=\"elementor-container elementor-column-gap-default\">\n\t\t\t\t\t<div class=\"elementor-column elementor-col-100 elementor-top-column elementor-element elementor-element-91ed701\" data-id=\"91ed701\" data-element_type=\"column\" data-e-type=\"column\">\n\t\t\t<div class=\"elementor-widget-wrap elementor-element-populated\">\n\t\t\t\t\t\t<div class=\"elementor-element elementor-element-35fd608 elementor-widget elementor-widget-heading\" data-id=\"35fd608\" data-element_type=\"widget\" data-e-type=\"widget\" data-widget_type=\"heading.default\">\n\t\t\t\t<div class=\"elementor-widget-container\">\n\t\t\t\t\t<h2 class=\"elementor-heading-title elementor-size-default\">Pol\u00edtica de Cookies<\/h2>\t\t\t\t<\/div>\n\t\t\t\t<\/div>\n\t\t\t\t<div class=\"elementor-element elementor-element-fc9ecba elementor-widget elementor-widget-heading\" data-id=\"fc9ecba\" data-element_type=\"widget\" data-e-type=\"widget\" data-widget_type=\"heading.default\">\n\t\t\t\t<div class=\"elementor-widget-container\">\n\t\t\t\t\t<h2 class=\"elementor-heading-title elementor-size-default\">DEFINICI\u00d3 I FUNCI\u00d3 DE LES COOKIES<\/h2>\t\t\t\t<\/div>\n\t\t\t\t<\/div>\n\t\t\t\t<div class=\"elementor-element elementor-element-027a4b3 elementor-widget elementor-widget-text-editor\" data-id=\"027a4b3\" data-element_type=\"widget\" data-e-type=\"widget\" data-widget_type=\"text-editor.default\">\n\t\t\t\t<div class=\"elementor-widget-container\">\n\t\t\t\t\t\t\t\t\t<p>Una cookie \u00e9s un fitxer que es descarrega en el seu ordinador en accedir a determinades p\u00e0gines web. Les cookies permeten a una p\u00e0gina web, entre altres coses, emmagatzemar i recuperar informaci\u00f3 sobre els h\u00e0bits de navegaci\u00f3 d\u2019un usuari o del seu equip i, depenent de la informaci\u00f3 que continguin i de la forma en qu\u00e8 utilitzi el seu equip, poden utilitzar-se per a recon\u00e8ixer a l\u2019usuari.<\/p>\n\t\t\t\t\t\t\t\t<\/div>\n\t\t\t\t<\/div>\n\t\t\t\t<div class=\"elementor-element elementor-element-a00f82c elementor-widget elementor-widget-heading\" data-id=\"a00f82c\" data-element_type=\"widget\" data-e-type=\"widget\" data-widget_type=\"heading.default\">\n\t\t\t\t<div class=\"elementor-widget-container\">\n\t\t\t\t\t<h2 class=\"elementor-heading-title elementor-size-default\">TIPUS DE COOKIES QUE UTILITZA AQUESTA P\u00c0GINA WEB<\/h2>\t\t\t\t<\/div>\n\t\t\t\t<\/div>\n\t\t\t\t<div class=\"elementor-element elementor-element-c78092c elementor-widget elementor-widget-text-editor\" data-id=\"c78092c\" data-element_type=\"widget\" data-e-type=\"widget\" data-widget_type=\"text-editor.default\">\n\t\t\t\t<div class=\"elementor-widget-container\">\n\t\t\t\t\t\t\t\t\t<p><b>Cookies t\u00e8cniques:<\/b> s\u00f3n aquelles que permeten a l\u2019usuari la navegaci\u00f3 a trav\u00e9s de la p\u00e0gina web, i la utilitzaci\u00f3 de les diferents opcions i serveis.<\/p>\n<p><b>Cookies d\u2019an\u00e0lisis:<\/b> s\u00f3n aquelles que ben tractades per nosaltres o per tercers, ens permeten quantificar el nombre d\u2019usuaris i realitzar el mesurament i an\u00e0lisi estad\u00edstica de la utilitzaci\u00f3 que fan els usuaris del servei ofert. Per a aix\u00f2 s\u2019analitza la seva navegaci\u00f3 en la nostra p\u00e0gina web amb la finalitat de millorar la disposici\u00f3 dels enlla\u00e7os, els continguts publicats, i la nostra oferta de serveis.<\/p>\n\t\t\t\t\t\t\t\t<\/div>\n\t\t\t\t<\/div>\n\t\t\t\t<div class=\"elementor-element elementor-element-258eb22 elementor-widget elementor-widget-heading\" data-id=\"258eb22\" data-element_type=\"widget\" data-e-type=\"widget\" data-widget_type=\"heading.default\">\n\t\t\t\t<div class=\"elementor-widget-container\">\n\t\t\t\t\t<h2 class=\"elementor-heading-title elementor-size-default\">QUI UTILITZA LA INFORMACI\u00d3 RECOLLIDA EN LES COOKIES?<\/h2>\t\t\t\t<\/div>\n\t\t\t\t<\/div>\n\t\t\t\t<div class=\"elementor-element elementor-element-1ca9c21 elementor-widget elementor-widget-text-editor\" data-id=\"1ca9c21\" data-element_type=\"widget\" data-e-type=\"widget\" data-widget_type=\"text-editor.default\">\n\t\t\t\t<div class=\"elementor-widget-container\">\n\t\t\t\t\t\t\t\t\t<p>Les cookies d\u2019an\u00e0lisis s\u00f3n instal\u00b7lades per part del servei Google Analytics, proporcionat per la societat Google Inc, amb seu en 1600 Amphitheatre Parkway Mountain View, CA 94043 (els Estats Units d\u2019Am\u00e8rica). La informaci\u00f3 recollida serveix per a incorporar la informaci\u00f3 en l\u2019eina d\u2019an\u00e0lisi del comportament dels usuaris en la navegaci\u00f3 pel website, i en si mateixa, no cont\u00e9 cap dada personal.<\/p>\n<p>Vost\u00e8 pot permetre, bloquejar o eliminar les cookies instal\u00b7lades en el seu equip mitjan\u00e7ant la configuraci\u00f3 de les opcions del navegador instal\u00b7lat en el seu ordinador.<\/p>\n\t\t\t\t\t\t\t\t<\/div>\n\t\t\t\t<\/div>\n\t\t\t\t<div class=\"elementor-element elementor-element-5495780 elementor-widget elementor-widget-heading\" data-id=\"5495780\" data-element_type=\"widget\" data-e-type=\"widget\" data-widget_type=\"heading.default\">\n\t\t\t\t<div class=\"elementor-widget-container\">\n\t\t\t\t\t<h2 class=\"elementor-heading-title elementor-size-default\">COM DESACTIVAR O ELIMINAR LES COOKIES UTILITZADES PEL WEBSITE?<\/h2>\t\t\t\t<\/div>\n\t\t\t\t<\/div>\n\t\t\t\t<div class=\"elementor-element elementor-element-72b81e8 elementor-widget elementor-widget-text-editor\" data-id=\"72b81e8\" data-element_type=\"widget\" data-e-type=\"widget\" data-widget_type=\"text-editor.default\">\n\t\t\t\t<div class=\"elementor-widget-container\">\n\t\t\t\t\t\t\t\t\t<p>A continuaci\u00f3 s\u2019adjunta la informaci\u00f3 sobre com desactivar o eliminar les cookies enunciades en els navegadors web m\u00e9s usuals:<\/p>\n<ul class=\"arali\">\n<li>Internet Explorer: Eines \u2013&gt; Opcions d\u2019Internet -&gt; Privacitat -&gt; Configuraci\u00f3.<\/li>\n<\/ul>\n<p>Per a m\u00e9s informaci\u00f3, pot consultar el suport de Microsoft o el men\u00fa d\u2019ajuda del navegador.<\/p>\n<ul class=\"arali\">\n<li>Firefox: Eines-&gt; Opcions -&gt; Privacitat -&gt; Historial -&gt; Configuraci\u00f3 Personalitzada.<\/li>\n<\/ul>\n<p>Per a m\u00e9s informaci\u00f3, pot consultar el suport de Mozilla o el men\u00fa d\u2019ajuda del navegador.<\/p>\n<ul class=\"arali\">\n<li>Chrome: Configuraci\u00f3 -&gt; Mostrar opcions avan\u00e7ades -&gt; Privacitat -&gt; Configuraci\u00f3 de contingut.<\/li>\n<\/ul>\n<p>Per a m\u00e9s informaci\u00f3, pot consultar el suport de Google o el men\u00fa d\u2019ajuda del navegador.<\/p>\n<ul class=\"arali\">\n<li>Safari: Preferencies -&gt; Seguritat.<\/li>\n<\/ul>\n<p>Per a m\u00e9s informaci\u00f3, pot consultar el suport d\u2019Apple o el men\u00fa d\u2019ajuda del navegador.<\/p>\n\t\t\t\t\t\t\t\t<\/div>\n\t\t\t\t<\/div>\n\t\t\t\t\t<\/div>\n\t\t<\/div>\n\t\t\t\t\t<\/div>\n\t\t<\/section>\n\t\t\t\t<\/div>\n\t\t","protected":false},"excerpt":{"rendered":"<p>Pol\u00edtica de Cookies DEFINICI\u00d3 I FUNCI\u00d3 DE LES COOKIES Una cookie \u00e9s un fitxer que es descarrega en el seu ordinador en accedir a determinades p\u00e0gines web. Les cookies permeten a una p\u00e0gina web, entre altres coses, emmagatzemar i recuperar informaci\u00f3 sobre els h\u00e0bits de navegaci\u00f3 d\u2019un usuari o del seu equip i, depenent de [&hellip;]<\/p>\n","protected":false},"author":3,"featured_media":0,"parent":0,"menu_order":0,"comment_status":"closed","ping_status":"closed","template":"","meta":{"_acf_changed":false,"inline_featured_image":false,"footnotes":""},"class_list":["post-3170","page","type-page","status-publish","hentry"],"acf":[],"yoast_head":"<!-- This site is optimized with the Yoast SEO plugin v27.5 - https:\/\/yoast.com\/product\/yoast-seo-wordpress\/ -->\n<title>\u25b7 AraVinc | Pol\u00edtica de Cookies<\/title>\n<meta name=\"description\" content=\"Pol\u00edtica de Cookies DEFINICI\u00d3 I FUNCI\u00d3 DE LES COOKIES Una cookie \u00e9s un fitxer que es descarrega en el seu ordinador en accedir a determinades p\u00e0gines web. \u2713\" \/>\n<meta name=\"robots\" content=\"noindex, nofollow\" \/>\n<meta property=\"og:locale\" content=\"ca_ES\" \/>\n<meta property=\"og:type\" content=\"article\" \/>\n<meta property=\"og:title\" content=\"\u25b7 AraVinc | Pol\u00edtica de Cookies\" \/>\n<meta property=\"og:description\" content=\"Pol\u00edtica de Cookies DEFINICI\u00d3 I FUNCI\u00d3 DE LES COOKIES Una cookie \u00e9s un fitxer que es descarrega en el seu ordinador en accedir a determinades p\u00e0gines web. \u2713\" \/>\n<meta property=\"og:url\" content=\"https:\/\/www.aravinc.com\/politica-cookies\/\" \/>\n<meta property=\"og:site_name\" content=\"AraVinc\" \/>\n<meta property=\"article:modified_time\" content=\"2024-03-04T11:27:46+00:00\" \/>\n<meta name=\"twitter:card\" content=\"summary_large_image\" \/>\n<meta name=\"twitter:label1\" content=\"Temps estimat de lectura\" \/>\n\t<meta name=\"twitter:data1\" content=\"2 minuts\" \/>\n<script type=\"application\/ld+json\" class=\"yoast-schema-graph\">{\"@context\":\"https:\\\/\\\/schema.org\",\"@graph\":[{\"@type\":\"WebPage\",\"@id\":\"https:\\\/\\\/www.aravinc.com\\\/politica-cookies\\\/\",\"url\":\"https:\\\/\\\/www.aravinc.com\\\/politica-cookies\\\/\",\"name\":\"\u25b7 AraVinc | Pol\u00edtica de Cookies\",\"isPartOf\":{\"@id\":\"https:\\\/\\\/www.aravinc.com\\\/#website\"},\"datePublished\":\"2021-10-18T05:29:35+00:00\",\"dateModified\":\"2024-03-04T11:27:46+00:00\",\"description\":\"Pol\u00edtica de Cookies DEFINICI\u00d3 I FUNCI\u00d3 DE LES COOKIES Una cookie \u00e9s un fitxer que es descarrega en el seu ordinador en accedir a determinades p\u00e0gines web. \u2713\",\"breadcrumb\":{\"@id\":\"https:\\\/\\\/www.aravinc.com\\\/politica-cookies\\\/#breadcrumb\"},\"inLanguage\":\"ca\",\"potentialAction\":[{\"@type\":\"ReadAction\",\"target\":[\"https:\\\/\\\/www.aravinc.com\\\/politica-cookies\\\/\"]}]},{\"@type\":\"BreadcrumbList\",\"@id\":\"https:\\\/\\\/www.aravinc.com\\\/politica-cookies\\\/#breadcrumb\",\"itemListElement\":[{\"@type\":\"ListItem\",\"position\":1,\"name\":\"Portada\",\"item\":\"https:\\\/\\\/www.aravinc.com\\\/\"},{\"@type\":\"ListItem\",\"position\":2,\"name\":\"Pol\u00edtica de Cookies\"}]},{\"@type\":\"WebSite\",\"@id\":\"https:\\\/\\\/www.aravinc.com\\\/#website\",\"url\":\"https:\\\/\\\/www.aravinc.com\\\/\",\"name\":\"AraVinc\",\"description\":\"Empresa de mensajer\u00eda\",\"potentialAction\":[{\"@type\":\"SearchAction\",\"target\":{\"@type\":\"EntryPoint\",\"urlTemplate\":\"https:\\\/\\\/www.aravinc.com\\\/?s={search_term_string}\"},\"query-input\":{\"@type\":\"PropertyValueSpecification\",\"valueRequired\":true,\"valueName\":\"search_term_string\"}}],\"inLanguage\":\"ca\"}]}<\/script>\n<!-- \/ Yoast SEO plugin. -->","yoast_head_json":{"title":"\u25b7 AraVinc | Pol\u00edtica de Cookies","description":"Pol\u00edtica de Cookies DEFINICI\u00d3 I FUNCI\u00d3 DE LES COOKIES Una cookie \u00e9s un fitxer que es descarrega en el seu ordinador en accedir a determinades p\u00e0gines web. \u2713","robots":{"index":"noindex","follow":"nofollow"},"og_locale":"ca_ES","og_type":"article","og_title":"\u25b7 AraVinc | Pol\u00edtica de Cookies","og_description":"Pol\u00edtica de Cookies DEFINICI\u00d3 I FUNCI\u00d3 DE LES COOKIES Una cookie \u00e9s un fitxer que es descarrega en el seu ordinador en accedir a determinades p\u00e0gines web. \u2713","og_url":"https:\/\/www.aravinc.com\/politica-cookies\/","og_site_name":"AraVinc","article_modified_time":"2024-03-04T11:27:46+00:00","twitter_card":"summary_large_image","twitter_misc":{"Temps estimat de lectura":"2 minuts"},"schema":{"@context":"https:\/\/schema.org","@graph":[{"@type":"WebPage","@id":"https:\/\/www.aravinc.com\/politica-cookies\/","url":"https:\/\/www.aravinc.com\/politica-cookies\/","name":"\u25b7 AraVinc | Pol\u00edtica de Cookies","isPartOf":{"@id":"https:\/\/www.aravinc.com\/#website"},"datePublished":"2021-10-18T05:29:35+00:00","dateModified":"2024-03-04T11:27:46+00:00","description":"Pol\u00edtica de Cookies DEFINICI\u00d3 I FUNCI\u00d3 DE LES COOKIES Una cookie \u00e9s un fitxer que es descarrega en el seu ordinador en accedir a determinades p\u00e0gines web. \u2713","breadcrumb":{"@id":"https:\/\/www.aravinc.com\/politica-cookies\/#breadcrumb"},"inLanguage":"ca","potentialAction":[{"@type":"ReadAction","target":["https:\/\/www.aravinc.com\/politica-cookies\/"]}]},{"@type":"BreadcrumbList","@id":"https:\/\/www.aravinc.com\/politica-cookies\/#breadcrumb","itemListElement":[{"@type":"ListItem","position":1,"name":"Portada","item":"https:\/\/www.aravinc.com\/"},{"@type":"ListItem","position":2,"name":"Pol\u00edtica de Cookies"}]},{"@type":"WebSite","@id":"https:\/\/www.aravinc.com\/#website","url":"https:\/\/www.aravinc.com\/","name":"AraVinc","description":"Empresa de mensajer\u00eda","potentialAction":[{"@type":"SearchAction","target":{"@type":"EntryPoint","urlTemplate":"https:\/\/www.aravinc.com\/?s={search_term_string}"},"query-input":{"@type":"PropertyValueSpecification","valueRequired":true,"valueName":"search_term_string"}}],"inLanguage":"ca"}]}},"_links":{"self":[{"href":"https:\/\/www.aravinc.com\/ca\/wp-json\/wp\/v2\/pages\/3170","targetHints":{"allow":["GET"]}}],"collection":[{"href":"https:\/\/www.aravinc.com\/ca\/wp-json\/wp\/v2\/pages"}],"about":[{"href":"https:\/\/www.aravinc.com\/ca\/wp-json\/wp\/v2\/types\/page"}],"author":[{"embeddable":true,"href":"https:\/\/www.aravinc.com\/ca\/wp-json\/wp\/v2\/users\/3"}],"replies":[{"embeddable":true,"href":"https:\/\/www.aravinc.com\/ca\/wp-json\/wp\/v2\/comments?post=3170"}],"version-history":[{"count":3,"href":"https:\/\/www.aravinc.com\/ca\/wp-json\/wp\/v2\/pages\/3170\/revisions"}],"predecessor-version":[{"id":3173,"href":"https:\/\/www.aravinc.com\/ca\/wp-json\/wp\/v2\/pages\/3170\/revisions\/3173"}],"wp:attachment":[{"href":"https:\/\/www.aravinc.com\/ca\/wp-json\/wp\/v2\/media?parent=3170"}],"curies":[{"name":"wp","href":"https:\/\/api.w.org\/{rel}","templated":true}]}}