{"id":3124,"date":"2024-02-16T00:21:24","date_gmt":"2024-02-15T23:21:24","guid":{"rendered":"https:\/\/www.aravinc.com\/canal-de-denuncies-tractament-de-dades\/"},"modified":"2024-03-04T11:08:18","modified_gmt":"2024-03-04T10:08:18","slug":"canal-de-denuncies-tractament-de-dades","status":"publish","type":"page","link":"https:\/\/www.aravinc.com\/ca\/canal-de-denuncies-tractament-de-dades\/","title":{"rendered":"Canal de den\u00fancies &#8211; Tractament de dades"},"content":{"rendered":"\t\t<div data-elementor-type=\"wp-page\" data-elementor-id=\"3124\" class=\"elementor elementor-3124 elementor-1938\" data-elementor-post-type=\"page\">\n\t\t\t\t\t\t<section class=\"elementor-section elementor-top-section elementor-element elementor-element-0388f6d elementor-section-boxed elementor-section-height-default elementor-section-height-default\" data-id=\"0388f6d\" data-element_type=\"section\" data-e-type=\"section\">\n\t\t\t\t\t\t<div class=\"elementor-container elementor-column-gap-default\">\n\t\t\t\t\t<div class=\"elementor-column elementor-col-100 elementor-top-column elementor-element elementor-element-7271684\" data-id=\"7271684\" data-element_type=\"column\" data-e-type=\"column\">\n\t\t\t<div class=\"elementor-widget-wrap elementor-element-populated\">\n\t\t\t\t\t\t<div class=\"elementor-element elementor-element-7d2a661 elementor-widget elementor-widget-heading\" data-id=\"7d2a661\" data-element_type=\"widget\" data-e-type=\"widget\" data-widget_type=\"heading.default\">\n\t\t\t\t<div class=\"elementor-widget-container\">\n\t\t\t\t\t<h2 class=\"elementor-heading-title elementor-size-default\">Canal de den\u00fancies<\/h2>\t\t\t\t<\/div>\n\t\t\t\t<\/div>\n\t\t\t\t<div class=\"elementor-element elementor-element-d395c1b elementor-widget elementor-widget-heading\" data-id=\"d395c1b\" data-element_type=\"widget\" data-e-type=\"widget\" data-widget_type=\"heading.default\">\n\t\t\t\t<div class=\"elementor-widget-container\">\n\t\t\t\t\t<h2 class=\"elementor-heading-title elementor-size-default\">TRACTAMENT DE LES VOSTRES DADES PERSONALS<\/h2>\t\t\t\t<\/div>\n\t\t\t\t<\/div>\n\t\t\t\t<div class=\"elementor-element elementor-element-acf4b20 elementor-widget elementor-widget-text-editor\" data-id=\"acf4b20\" data-element_type=\"widget\" data-e-type=\"widget\" data-widget_type=\"text-editor.default\">\n\t\t\t\t<div class=\"elementor-widget-container\">\n\t\t\t\t\t\t\t\t\t<p>En clicar a l\u2019enlla\u00e7, vost\u00e8 accedir\u00e0 al canal per a la tramitaci\u00f3 de la den\u00fancia que voleu interposar.<\/p>\n<p>Les dades personals que faciliteu seran tractades per part de l\u2019empresa Ara Vinc S.L. com a Responsable del Tractament, amb la finalitat danalitzar i gestionar la seva den\u00fancia, en compliment del que disposa la Llei 2\/23 de 20 de febrer reguladora de la protecci\u00f3 de les persones que informin sobre infraccions normatives i de lluita contra la corrupci\u00f3.<\/p>\n<p>Per augmentar la transpar\u00e8ncia i garantir la imparcialitat del proc\u00e9s, la gesti\u00f3 del canal de den\u00fancies la gestiona una empresa externa en qualitat d\u2019Encarregat del Tractament, havent-se desplegat els mecanismes legals, t\u00e8cnics i organitzatius necessaris per garantir que el proc\u00e9s es duu a terme amb les degudes garanties per a vost\u00e8.<\/p>\n<p>Les dades es poden comunicar a les forces i els cossos de seguretat de l\u2019Estat aix\u00ed com a l\u2019autoritat judicial, en el marc d\u2019una investigaci\u00f3, una instrucci\u00f3 o un procediment judicial.<\/p>\n<p>Les dades es conservaran mentre siguin necess\u00e0ries per atendre les consultes i posteriorment durant el termini de prescripci\u00f3 de les accions que poguessin derivar-se\u2019n.<\/p>\n<p>Us informem que podeu exercir els drets d\u2019acc\u00e9s, rectificaci\u00f3, supressi\u00f3, oposici\u00f3, limitaci\u00f3 del tractament i portabilitat sobre les dades personals que ens heu facilitat. Per fer-ho, podeu fer arribar la vostra sol\u00b7licitud a la nostra organitzaci\u00f3, fent-nos arribar la vostra sol\u00b7licitud per correu postal a Ara Vinc S.L., Ref. Protecci\u00f3 de Dades, C\/ Salvador Espriu, 5-7 08908 \u2013 L\u2019Hospitalet de Llobregat (Barcelona), o b\u00e9 enviar la vostra sol\u00b7licitud per correu electr\u00f2nic a l\u2019adre\u00e7a delegatlopd@aravinc.com.<\/p>\n<p>Aix\u00ed mateix, us informem que podeu ampliar la informaci\u00f3 relacionada amb els tractaments de dades personals que efectuem, contactant amb el Delegat de Protecci\u00f3 de dades, fent arribar la vostra consulta a l\u2019adre\u00e7a delegatlopd@aravinc.com.<\/p>\n<p>En cas de disconformitat amb la resposta obtinguda, us podeu adre\u00e7ar a l\u2019Ag\u00e8ncia Espanyola de Protecci\u00f3 de Dades Personals a trav\u00e9s del web www.aepd.es.<\/p>\n\t\t\t\t\t\t\t\t<\/div>\n\t\t\t\t<\/div>\n\t\t\t\t<div class=\"elementor-element elementor-element-40e9415 elementor-button-align-stretch elementor-widget elementor-widget-form\" data-id=\"40e9415\" data-element_type=\"widget\" data-e-type=\"widget\" data-settings=\"{&quot;step_next_label&quot;:&quot;Seg\\u00fcent&quot;,&quot;step_previous_label&quot;:&quot;Anterior&quot;,&quot;button_width&quot;:&quot;100&quot;,&quot;step_type&quot;:&quot;number_text&quot;,&quot;step_icon_shape&quot;:&quot;circle&quot;}\" data-widget_type=\"form.default\">\n\t\t\t\t<div class=\"elementor-widget-container\">\n\t\t\t\t\t\t\t<form class=\"elementor-form\" method=\"post\" name=\"Canal de den\u00fancies\" aria-label=\"Canal de den\u00fancies\">\n\t\t\t<input type=\"hidden\" name=\"post_id\" value=\"3124\"\/>\n\t\t\t<input type=\"hidden\" name=\"form_id\" value=\"40e9415\"\/>\n\t\t\t<input type=\"hidden\" name=\"referer_title\" value=\"\u25b7 AraVinc | Canal de den\u00fancies - Tractament de dades\" \/>\n\n\t\t\t\t\t\t\t<input type=\"hidden\" name=\"queried_id\" value=\"3124\"\/>\n\t\t\t\n\t\t\t<div class=\"elementor-form-fields-wrapper elementor-labels-above\">\n\t\t\t\t\t\t\t\t<div class=\"elementor-field-type-acceptance elementor-field-group elementor-column elementor-field-group-verificar_denuncia elementor-col-100 elementor-field-required elementor-mark-required\">\n\t\t\t\t\t\t\t<div class=\"elementor-field-subgroup\">\n\t\t\t<span class=\"elementor-field-option\">\n\t\t\t\t<input type=\"checkbox\" name=\"form_fields[verificar_denuncia]\" id=\"form-field-verificar_denuncia\" class=\"elementor-field elementor-size-sm  elementor-acceptance-field\" required=\"required\">\n\t\t\t\t<label for=\"form-field-verificar_denuncia\">He llegit i accepto les condicions per fer servir el canal de den\u00fancies.<\/label>\t\t\t<\/span>\n\t\t<\/div>\n\t\t\t\t\t\t<\/div>\n\t\t\t\t\t\t\t\t<div class=\"elementor-field-group elementor-column elementor-field-type-submit elementor-col-100 e-form__buttons\">\n\t\t\t\t\t<button class=\"elementor-button elementor-size-sm\" type=\"submit\">\n\t\t\t\t\t\t<span class=\"elementor-button-content-wrapper\">\n\t\t\t\t\t\t\t\t\t\t\t\t\t\t\t\t\t\t\t\t\t\t<span class=\"elementor-button-text\"> Accedir al canal de den\u00fancies<\/span>\n\t\t\t\t\t\t\t\t\t\t\t\t\t<\/span>\n\t\t\t\t\t<\/button>\n\t\t\t\t<\/div>\n\t\t\t<\/div>\n\t\t<\/form>\n\t\t\t\t\t\t<\/div>\n\t\t\t\t<\/div>\n\t\t\t\t\t<\/div>\n\t\t<\/div>\n\t\t\t\t\t<\/div>\n\t\t<\/section>\n\t\t\t\t<\/div>\n\t\t","protected":false},"excerpt":{"rendered":"<p>Canal de den\u00fancies TRACTAMENT DE LES VOSTRES DADES PERSONALS En clicar a l\u2019enlla\u00e7, vost\u00e8 accedir\u00e0 al canal per a la tramitaci\u00f3 de la den\u00fancia que voleu interposar. Les dades personals que faciliteu seran tractades per part de l\u2019empresa Ara Vinc S.L. com a Responsable del Tractament, amb la finalitat danalitzar i gestionar la seva den\u00fancia, [&hellip;]<\/p>\n","protected":false},"author":3,"featured_media":0,"parent":0,"menu_order":0,"comment_status":"closed","ping_status":"closed","template":"","meta":{"_acf_changed":false,"inline_featured_image":false,"footnotes":""},"class_list":["post-3124","page","type-page","status-publish","hentry"],"acf":[],"yoast_head":"<!-- This site is optimized with the Yoast SEO plugin v27.5 - https:\/\/yoast.com\/product\/yoast-seo-wordpress\/ -->\n<title>\u25b7 AraVinc | Canal de den\u00fancies - Tractament de dades<\/title>\n<meta name=\"description\" content=\"Canal de den\u00fancies TRACTAMENT DE LES VOSTRES DADES PERSONALS En clicar a l\u2019enlla\u00e7, vost\u00e8 accedir\u00e0 al canal per a la tramitaci\u00f3 de la den\u00fancia que voleu \u2713\" \/>\n<meta name=\"robots\" content=\"index, follow, max-snippet:-1, max-image-preview:large, max-video-preview:-1\" \/>\n<link rel=\"canonical\" href=\"https:\/\/www.aravinc.com\/canal-de-denuncias-tratamiento-de-los-datos\/\" \/>\n<meta property=\"og:locale\" content=\"ca_ES\" \/>\n<meta property=\"og:type\" content=\"article\" \/>\n<meta property=\"og:title\" content=\"\u25b7 AraVinc | Canal de den\u00fancies - Tractament de dades\" \/>\n<meta property=\"og:description\" content=\"Canal de den\u00fancies TRACTAMENT DE LES VOSTRES DADES PERSONALS En clicar a l\u2019enlla\u00e7, vost\u00e8 accedir\u00e0 al canal per a la tramitaci\u00f3 de la den\u00fancia que voleu \u2713\" \/>\n<meta property=\"og:url\" content=\"https:\/\/www.aravinc.com\/canal-de-denuncias-tratamiento-de-los-datos\/\" \/>\n<meta property=\"og:site_name\" content=\"AraVinc\" \/>\n<meta property=\"article:modified_time\" content=\"2024-03-04T10:08:18+00:00\" \/>\n<meta name=\"twitter:card\" content=\"summary_large_image\" \/>\n<meta name=\"twitter:label1\" content=\"Temps estimat de lectura\" \/>\n\t<meta name=\"twitter:data1\" content=\"2 minuts\" \/>\n<script type=\"application\/ld+json\" class=\"yoast-schema-graph\">{\"@context\":\"https:\\\/\\\/schema.org\",\"@graph\":[{\"@type\":\"WebPage\",\"@id\":\"https:\\\/\\\/www.aravinc.com\\\/canal-de-denuncias-tratamiento-de-los-datos\\\/\",\"url\":\"https:\\\/\\\/www.aravinc.com\\\/canal-de-denuncias-tratamiento-de-los-datos\\\/\",\"name\":\"\u25b7 AraVinc | Canal de den\u00fancies - Tractament de dades\",\"isPartOf\":{\"@id\":\"https:\\\/\\\/www.aravinc.com\\\/#website\"},\"datePublished\":\"2024-02-15T23:21:24+00:00\",\"dateModified\":\"2024-03-04T10:08:18+00:00\",\"description\":\"Canal de den\u00fancies TRACTAMENT DE LES VOSTRES DADES PERSONALS En clicar a l\u2019enlla\u00e7, vost\u00e8 accedir\u00e0 al canal per a la tramitaci\u00f3 de la den\u00fancia que voleu \u2713\",\"breadcrumb\":{\"@id\":\"https:\\\/\\\/www.aravinc.com\\\/canal-de-denuncias-tratamiento-de-los-datos\\\/#breadcrumb\"},\"inLanguage\":\"ca\",\"potentialAction\":[{\"@type\":\"ReadAction\",\"target\":[\"https:\\\/\\\/www.aravinc.com\\\/canal-de-denuncias-tratamiento-de-los-datos\\\/\"]}]},{\"@type\":\"BreadcrumbList\",\"@id\":\"https:\\\/\\\/www.aravinc.com\\\/canal-de-denuncias-tratamiento-de-los-datos\\\/#breadcrumb\",\"itemListElement\":[{\"@type\":\"ListItem\",\"position\":1,\"name\":\"Portada\",\"item\":\"https:\\\/\\\/www.aravinc.com\\\/\"},{\"@type\":\"ListItem\",\"position\":2,\"name\":\"Canal de den\u00fancies &#8211; Tractament de dades\"}]},{\"@type\":\"WebSite\",\"@id\":\"https:\\\/\\\/www.aravinc.com\\\/#website\",\"url\":\"https:\\\/\\\/www.aravinc.com\\\/\",\"name\":\"AraVinc\",\"description\":\"Empresa de mensajer\u00eda\",\"potentialAction\":[{\"@type\":\"SearchAction\",\"target\":{\"@type\":\"EntryPoint\",\"urlTemplate\":\"https:\\\/\\\/www.aravinc.com\\\/?s={search_term_string}\"},\"query-input\":{\"@type\":\"PropertyValueSpecification\",\"valueRequired\":true,\"valueName\":\"search_term_string\"}}],\"inLanguage\":\"ca\"}]}<\/script>\n<!-- \/ Yoast SEO plugin. -->","yoast_head_json":{"title":"\u25b7 AraVinc | Canal de den\u00fancies - Tractament de dades","description":"Canal de den\u00fancies TRACTAMENT DE LES VOSTRES DADES PERSONALS En clicar a l\u2019enlla\u00e7, vost\u00e8 accedir\u00e0 al canal per a la tramitaci\u00f3 de la den\u00fancia que voleu \u2713","robots":{"index":"index","follow":"follow","max-snippet":"max-snippet:-1","max-image-preview":"max-image-preview:large","max-video-preview":"max-video-preview:-1"},"canonical":"https:\/\/www.aravinc.com\/canal-de-denuncias-tratamiento-de-los-datos\/","og_locale":"ca_ES","og_type":"article","og_title":"\u25b7 AraVinc | Canal de den\u00fancies - Tractament de dades","og_description":"Canal de den\u00fancies TRACTAMENT DE LES VOSTRES DADES PERSONALS En clicar a l\u2019enlla\u00e7, vost\u00e8 accedir\u00e0 al canal per a la tramitaci\u00f3 de la den\u00fancia que voleu \u2713","og_url":"https:\/\/www.aravinc.com\/canal-de-denuncias-tratamiento-de-los-datos\/","og_site_name":"AraVinc","article_modified_time":"2024-03-04T10:08:18+00:00","twitter_card":"summary_large_image","twitter_misc":{"Temps estimat de lectura":"2 minuts"},"schema":{"@context":"https:\/\/schema.org","@graph":[{"@type":"WebPage","@id":"https:\/\/www.aravinc.com\/canal-de-denuncias-tratamiento-de-los-datos\/","url":"https:\/\/www.aravinc.com\/canal-de-denuncias-tratamiento-de-los-datos\/","name":"\u25b7 AraVinc | Canal de den\u00fancies - Tractament de dades","isPartOf":{"@id":"https:\/\/www.aravinc.com\/#website"},"datePublished":"2024-02-15T23:21:24+00:00","dateModified":"2024-03-04T10:08:18+00:00","description":"Canal de den\u00fancies TRACTAMENT DE LES VOSTRES DADES PERSONALS En clicar a l\u2019enlla\u00e7, vost\u00e8 accedir\u00e0 al canal per a la tramitaci\u00f3 de la den\u00fancia que voleu \u2713","breadcrumb":{"@id":"https:\/\/www.aravinc.com\/canal-de-denuncias-tratamiento-de-los-datos\/#breadcrumb"},"inLanguage":"ca","potentialAction":[{"@type":"ReadAction","target":["https:\/\/www.aravinc.com\/canal-de-denuncias-tratamiento-de-los-datos\/"]}]},{"@type":"BreadcrumbList","@id":"https:\/\/www.aravinc.com\/canal-de-denuncias-tratamiento-de-los-datos\/#breadcrumb","itemListElement":[{"@type":"ListItem","position":1,"name":"Portada","item":"https:\/\/www.aravinc.com\/"},{"@type":"ListItem","position":2,"name":"Canal de den\u00fancies &#8211; Tractament de dades"}]},{"@type":"WebSite","@id":"https:\/\/www.aravinc.com\/#website","url":"https:\/\/www.aravinc.com\/","name":"AraVinc","description":"Empresa de mensajer\u00eda","potentialAction":[{"@type":"SearchAction","target":{"@type":"EntryPoint","urlTemplate":"https:\/\/www.aravinc.com\/?s={search_term_string}"},"query-input":{"@type":"PropertyValueSpecification","valueRequired":true,"valueName":"search_term_string"}}],"inLanguage":"ca"}]}},"_links":{"self":[{"href":"https:\/\/www.aravinc.com\/ca\/wp-json\/wp\/v2\/pages\/3124","targetHints":{"allow":["GET"]}}],"collection":[{"href":"https:\/\/www.aravinc.com\/ca\/wp-json\/wp\/v2\/pages"}],"about":[{"href":"https:\/\/www.aravinc.com\/ca\/wp-json\/wp\/v2\/types\/page"}],"author":[{"embeddable":true,"href":"https:\/\/www.aravinc.com\/ca\/wp-json\/wp\/v2\/users\/3"}],"replies":[{"embeddable":true,"href":"https:\/\/www.aravinc.com\/ca\/wp-json\/wp\/v2\/comments?post=3124"}],"version-history":[{"count":3,"href":"https:\/\/www.aravinc.com\/ca\/wp-json\/wp\/v2\/pages\/3124\/revisions"}],"predecessor-version":[{"id":3127,"href":"https:\/\/www.aravinc.com\/ca\/wp-json\/wp\/v2\/pages\/3124\/revisions\/3127"}],"wp:attachment":[{"href":"https:\/\/www.aravinc.com\/ca\/wp-json\/wp\/v2\/media?parent=3124"}],"curies":[{"name":"wp","href":"https:\/\/api.w.org\/{rel}","templated":true}]}}