{"id":2997,"date":"2021-10-14T15:46:36","date_gmt":"2021-10-14T13:46:36","guid":{"rendered":"https:\/\/www.aravinc.com\/politica-de-privacitat\/"},"modified":"2025-11-05T11:30:11","modified_gmt":"2025-11-05T10:30:11","slug":"politica-de-privacitat","status":"publish","type":"page","link":"https:\/\/www.aravinc.com\/ca\/politica-de-privacitat\/","title":{"rendered":"Pol\u00edtica de privadesa"},"content":{"rendered":"\t\t<div data-elementor-type=\"wp-page\" data-elementor-id=\"2997\" class=\"elementor elementor-2997 elementor-38\" data-elementor-post-type=\"page\">\n\t\t\t\t\t\t<section class=\"elementor-section elementor-top-section elementor-element elementor-element-8006250 elementor-section-boxed elementor-section-height-default elementor-section-height-default\" data-id=\"8006250\" data-element_type=\"section\" data-e-type=\"section\">\n\t\t\t\t\t\t<div class=\"elementor-container elementor-column-gap-default\">\n\t\t\t\t\t<div class=\"elementor-column elementor-col-100 elementor-top-column elementor-element elementor-element-46da4cf\" data-id=\"46da4cf\" data-element_type=\"column\" data-e-type=\"column\">\n\t\t\t<div class=\"elementor-widget-wrap elementor-element-populated\">\n\t\t\t\t\t\t<div class=\"elementor-element elementor-element-4757770 avlegal elementor-widget-mobile__width-initial elementor-widget elementor-widget-text-editor\" data-id=\"4757770\" data-element_type=\"widget\" data-e-type=\"widget\" data-widget_type=\"text-editor.default\">\n\t\t\t\t<div class=\"elementor-widget-container\">\n\t\t\t\t\t\t\t\t\t<h1>Pol\u00edtica de privadesa<\/h1><h2>TRACTAMENT DE DADES PERSONALS<\/h2><p>ARA VINC S.L., com a responsable del tractament, amb CIF B-59.460.618, us informa en virtut de la legislaci\u00f3 vigent en mat\u00e8ria de protecci\u00f3 de dades de car\u00e0cter personal, que les dades personals recollides mitjan\u00e7ant els diferents formularis del website, els que que faci arribar a les adreces de correu electr\u00f2nic de contacte i els que pugui facilitar en converses telef\u00f2niques, seran tractats amb les finalitats seg\u00fcents:<\/p><ul class=\"arali\"><li>Atendre els comentaris o consultes que faci arribar a la nostra organitzaci\u00f3.<\/li><li>Gesti\u00f3 dels serveis prestats als clients de la nostra organitzaci\u00f3.<\/li><li>Gesti\u00f3 econ\u00f2mica de l\u2019empresa.<\/li><li>Recepci\u00f3 del seu Curriculum vitae i avaluaci\u00f3 de la seva candidatura a posicions de treball vacants en la nostra organitzaci\u00f3.<\/li><li>Gesti\u00f3 de la relaci\u00f3 laboral amb els nostres empleats.<\/li><li>Videovigil\u00e0ncia de les instal\u00b7lacions.<\/li><li>Gesti\u00f3 del canal de den\u00fancies.<\/li><\/ul><p>Les dades que ens faciliti es conservaran durant el temps estrictament necessari per a atendre la seva sol\u00b7licitud (inferior a sis mesos, tret que de la seva sol\u00b7licitud es derivi una actuaci\u00f3 que requereixi per motius legals conservar-la durant un per\u00edode m\u00e9s llarg de temps), per a mantenir-ho com a interessat en futurs processos de selecci\u00f3 (un any) o durant els anys necessaris per a complir amb les obligacions legals, com la legislaci\u00f3 laboral i tribut\u00e0ria o una altra legislaci\u00f3 que sigui aplicable.<\/p><p>Us informem que podeu exercir els drets d\u2019acc\u00e9s, rectificaci\u00f3, supressi\u00f3, oposici\u00f3, limitaci\u00f3 del tractament i portabilitat sobre les dades personals que ens heu facilitat. Per fer-ho, podeu fer arribar la vostra sol\u00b7licitud a la nostra organitzaci\u00f3, fent-nos arribar la vostra sol\u00b7licitud per correu postal a Ara Vinc S.L., Ref. Protecci\u00f3 de Dades, C\/ Salvador Espriu, 5-7 08908 \u2013 L\u2019Hospitalet de Llobregat (Barcelona), o b\u00e9 enviar la vostra sol\u00b7licitud per correu electr\u00f2nic a l\u2019adre\u00e7a delegatlopd@aravinc.com.<\/p><p>A continuaci\u00f3, s\u2019amplia la informaci\u00f3 sobre els tractaments de dades personals efectuades per part de la nostra societat.<\/p><h2>1. RESPONSABLE DEL TRACTAMENT<\/h2><p>Ara Vinc S.L., amb CIF: B-59.460.618, societat inscrita en el Registre Mercantil de Barcelona, Tom 20684 Foli 171 Fulla B-11059.<\/p><p>Vost\u00e8 pot posar-se en contacte amb la nostra societat, de manera efectiva, de manera presencial o per correu postal en la nostra seu social: C\/ Salvador Espriu, 5-7 08908 \u2013 L\u2019Hospitalet de Llobregat (Barcelona). Aix\u00ed mateix, vost\u00e8 pot obtenir informaci\u00f3 addicional sobre els tractaments efectuats, enviant un correu electr\u00f2nic a l\u2019atenci\u00f3 del Delegat de Protecci\u00f3 de Dades, a l\u2019adre\u00e7a delegatlopd@aravinc.com.<\/p><p>La nostra societat tracta diferents dades personals dels interessats, amb diferents finalitats. A continuaci\u00f3 es descriuen els diferents tractaments efectuats, la seva finalitat, la base que legitima cada tractament, les cessions previstes a tercers, i els per\u00edodes de conservaci\u00f3 de la informaci\u00f3:<\/p><h2>2. RELACI\u00d3 D\u2019ACTIVITATS DE TRACTAMENT DE DADES PERSONALS DUTES A TERME PER LA NOSTRA ORGANITZACI\u00d3.<\/h2><ul class=\"arali\"><li>Atenci\u00f3 de comentaris i consultes que faci arribar a la nostra organitzaci\u00f3.<\/li><li><strong>Origen de les dades:<\/strong> facilitats pel propi interessat, mitjan\u00e7ant formularis habilitats a aquest efecte en el website, o informaci\u00f3 transmesa a l\u2019organitzaci\u00f3 per correu electr\u00f2nic o per tel\u00e8fon.<\/li><li><strong>Finalitat del tractament: <\/strong>gestionar els comentaris i consultes que l\u2019interessat fa arribar a la nostra organitzaci\u00f3.<\/li><li><strong>Base que legitima el tractament:<\/strong> inter\u00e8s leg\u00edtim de la nostra organitzaci\u00f3 (el tractament \u00e9s necessari per a l\u2019execuci\u00f3 d\u2019un contracte en el qual l\u2019interessat \u00e9s part o per a l\u2019aplicaci\u00f3 a petici\u00f3 d\u2019aquest de mesures precontractuals), i consentiment expr\u00e9s de l\u2019interessat per a aquells casos en els quals aix\u00ed se li sol\u00b7liciti.<\/li><li><strong>Cessions de dades a tercers: <\/strong>no es contemplen cessions de la informaci\u00f3 facilitada a tercers que siguin aliens a la nostra organitzaci\u00f3.<\/li><li><strong>Per\u00edode de conservaci\u00f3 de les dades: <\/strong>inferior a sis mesos, tret que de la seva sol\u00b7licitud es derivi una actuaci\u00f3 que requereixi per motius legals conservar-la durant un per\u00edode m\u00e9s llarg de temps.<\/li><\/ul><h2>3. GESTI\u00d3 DELS SERVEIS PRESTATS ALS CLIENTS DE LA NOSTRA ORGANITZACI\u00d3.<\/h2><ul class=\"arali\"><li><strong>Origen de les dades: <\/strong>facilitats pel propi interessat, mitjan\u00e7ant formularis habilitats a aquest efecte en el website, o informaci\u00f3 transmesa a l\u2019organitzaci\u00f3 per correu electr\u00f2nic o per tel\u00e8fon.<\/li><li><strong>Finalitat del tractament: <\/strong>gestionar els serveis encarregats pels interessats a la nostra organitzaci\u00f3.<\/li><li><strong>Base que legitima el tractament:<\/strong> inter\u00e8s leg\u00edtim de la nostra organitzaci\u00f3 (el tractament \u00e9s necessari per a l\u2019execuci\u00f3 d\u2019un contracte en el qual l\u2019interessat \u00e9s part o per a l\u2019aplicaci\u00f3 a petici\u00f3 d\u2019aquest de mesures precontractuals), i consentiment expr\u00e9s de l\u2019interessat per a aquells casos en els quals aix\u00ed se li sol\u00b7liciti.<\/li><li><strong>Cessions de dades a tercers:<\/strong> no es contemplen cessions de la informaci\u00f3 facilitada a tercers que siguin aliens a la nostra organitzaci\u00f3.<\/li><li><strong>Per\u00edode de conservaci\u00f3 de les dades: <\/strong>inferior a sis mesos, tret que de la seva sol\u00b7licitud es derivi una actuaci\u00f3 que requereixi per motius legals conservar-la durant un per\u00edode m\u00e9s llarg de temps.<\/li><\/ul><h2>4. GESTI\u00d3 ECON\u00d2MICA DE L\u2019EMPRESA.<\/h2><ul class=\"arali\"><li><strong>Origen de les dades: <\/strong>facilitats pel propi interessat o pel seu representant legal, per correu electr\u00f2nic o per tel\u00e8fon.<\/li><li><strong>Finalitat del tractament: <\/strong>gestionar l\u2019activitat econ\u00f2mica de l\u2019empresa segons la legislaci\u00f3 vigent en mat\u00e8ria fiscal i mercantil.<\/li><li><strong>Base que legitima el tractament: <\/strong>inter\u00e8s leg\u00edtim de la nostra organitzaci\u00f3 (el tractament \u00e9s necessari per a l\u2019execuci\u00f3 d\u2019un contracte en el qual l\u2019interessat \u00e9s part o per a l\u2019aplicaci\u00f3 a petici\u00f3 d\u2019aquest de mesures precontractuals, i el tractament \u00e9s necessari per al compliment d\u2019una obligaci\u00f3 legal aplicable al responsable del tractament).<\/li><li><strong>Cessions de dades a tercers: <\/strong>en cas que sigui necessari, a l\u2019administraci\u00f3 p\u00fablica amb compet\u00e8ncia en la mat\u00e8ria, com pot ser l\u2019Ag\u00e8ncia Tribut\u00e0ria o Seguretat Social.<\/li><li><strong>Per\u00edode de conservaci\u00f3 de les dades: <\/strong>el requerit per l\u2019administraci\u00f3 p\u00fablica fins a l\u2019extinci\u00f3 de les responsabilitats.<\/li><\/ul><h2>5. RECEPCI\u00d3 DEL SEU CURR\u00cdCULUM<\/h2><ul class=\"arali\"><li>Vitae i avaluaci\u00f3 de la seva candidatura a posicions de treball vacants en la nostra organitzaci\u00f3.<\/li><li><strong>Origen de les dades: <\/strong>facilitats pel propi interessat, mitjan\u00e7ant formularis habilitats a aquest efecte en el website, o informaci\u00f3 transmesa a l\u2019organitzaci\u00f3 per correu electr\u00f2nic o per tel\u00e8fon.<\/li><li><strong>Finalitat del tractament: <\/strong>avaluaci\u00f3 de candidatures a llocs de treball en la nostra organitzaci\u00f3.<\/li><li><strong>Base que legitima el tractament: <\/strong>inter\u00e8s leg\u00edtim de la nostra organitzaci\u00f3 (el tractament \u00e9s necessari per a l\u2019execuci\u00f3 d\u2019un contracte en el qual l\u2019interessat \u00e9s part o per a l\u2019aplicaci\u00f3 a petici\u00f3 d\u2019aquest de mesures precontractuals).<\/li><li><strong>Cessions de dades a tercers: <\/strong>no es contemplen cessions de la informaci\u00f3 facilitada a tercers que siguin aliens a la nostra organitzaci\u00f3.<\/li><li><strong>Per\u00edode de conservaci\u00f3 de les dades: <\/strong>inferior a un any si s\u2019observa que el perfil del sol\u00b7licitant pot ajustar-se a necessitats presents o futures de l\u2019empresa. En el cas que el perfil no s\u2019ajusti a les necessitats de l\u2019empresa, es procedir\u00e0 a la destrucci\u00f3 immediata.<\/li><\/ul><h2>6. GESTI\u00d3 DE LA RELACI\u00d3 LABORAL AMB ELS NOSTRES EMPLEATS.<\/h2><ul class=\"arali\"><li><strong>Origen de les dades:<\/strong> facilitats pel propi interessat o pel seu representant legal, per correu electr\u00f2nic o per tel\u00e8fon.<\/li><li><strong>Finalitat del tractament: <\/strong>gestionar la relaci\u00f3 laboral amb els nostres empleats.<\/li><li><strong>Base que legitima el tractament: <\/strong>inter\u00e8s leg\u00edtim de la nostra organitzaci\u00f3 (el tractament \u00e9s necessari per a l\u2019execuci\u00f3 d\u2019un contracte en el qual l\u2019interessat \u00e9s part o per a l\u2019aplicaci\u00f3 a petici\u00f3 d\u2019aquest de mesures precontractuals, i el tractament \u00e9s necessari per al compliment d\u2019una obligaci\u00f3 legal aplicable al responsable del tractament).<\/li><li><strong>Cessions de dades a tercers:<\/strong> en cas que sigui necessari, a l\u2019administraci\u00f3 p\u00fablica amb compet\u00e8ncia en la mat\u00e8ria, com pot ser l\u2019Ag\u00e8ncia Tribut\u00e0ria o Seguretat Social.<\/li><li><strong>Per\u00edode de conservaci\u00f3 de les dades:<\/strong> inferior a sis mesos, tret que de la seva sol\u00b7licitud es derivi una actuaci\u00f3 que requereixi per motius legals conservar-la durant un per\u00edode m\u00e9s llarg de temps.<\/li><\/ul><h2>7. VIDEOVIGIL\u00c0NCIA DE LES INSTAL\u00b7LACIONS.<\/h2><ul class=\"arali\"><li><strong>Origen de les dades: <\/strong>facilitats pel propi interessat en accedir, o intentar accedir, a les instal\u00b7lacions en les quals es disposen de dispositius de videovigil\u00e0ncia.<\/li><li><strong>Finalitat del tractament: <\/strong>seguretat de les persones, b\u00e9ns i instal\u00b7lacions.<\/li><li><strong>Base que legitima el tractament: <\/strong>inter\u00e8s leg\u00edtim de la nostra organitzaci\u00f3.<\/li><li><strong>Cessions de dades a tercers:<\/strong> forces i cossos de seguretat.<\/li><li><strong>Per\u00edode de conservaci\u00f3 de les dades: <\/strong>un mes des de la captaci\u00f3.<\/li><\/ul><h2>8. GESTI\u00d3 DEL CANAL DE DEN\u00daNCIES.<\/h2><ul class=\"arali\"><li><strong>Origen de les dades: <\/strong>facilitats pel propi interessat o pel seu representant legal, mitjan\u00e7ant el formulari habilitat a tal efecte al lloc web.<\/li><li><strong>Finalitat del tractament:<\/strong> \u00e9s la recepci\u00f3 i gesti\u00f3 de les den\u00fancies que es formulin sobre els incompliments normatius o indicis de comissi\u00f3 d&#8217;il\u00b7l\u00edcits penals en la companyia en compliment del que disposa la Llei 2\/23 de 20 de febrer reguladora de la protecci\u00f3 de les persones que informin sobre infraccions normatives i de lluita contra la corrupci\u00f3.<\/li><li><strong>Base que legitima el tractament:<\/strong> Compliment d&#8217;una obligaci\u00f3 legal per part de ARA VINC, S.L. RGPD art. 6.1 c.<\/li><li><strong>Dades objecte del tractament: <\/strong>nom\u00e9s aquelles dades personals que siguin estrictament necessaris per al coneixement i recerca de les accions o omissions a les quals es refereix l&#8217;article 2 de la llei 2\/2023 de protecci\u00f3 de l&#8217;informant, procedint-se, si \u00e9s el cas, a la seva immediata supressi\u00f3. Aix\u00ed mateix, se suprimiran totes aquelles dades personals que es puguin haver comunicat i que es refereixin a conductes que no estiguin incloses en l&#8217;\u00e0mbit d&#8217;aplicaci\u00f3 de la llei.\nSi la informaci\u00f3n recibida contuviera datos personales incluidos dentro de las categor\u00edas especiales de datos, se proceder\u00e1 a su inmediata supresi\u00f3n, sin que se proceda al registro y tratamiento de estos. <\/li><li><strong>Cessions de dades a tercers:<\/strong> Tindr\u00e0 acc\u00e9s a la informaci\u00f3 remesa per l&#8217;interessat, el responsable del sistema intern d&#8217;informaci\u00f3, aix\u00ed com els col\u00b7laboradors autoritzats per aquest per a dur a terme la gesti\u00f3 i recerca procedent. Les dades es comunicaran a tercers, com a Forces i Cossos de Seguretat de l&#8217;Estat, fiscalia i autoritats judicials nacionals o europees, quan resulti necessari per a l&#8217;adopci\u00f3 d&#8217;eventuals mesures correctores en l&#8217;entitat o la tramitaci\u00f3 dels procediments sancionadors o penals que, si \u00e9s el cas, procedeixin.<\/li><li><strong>Per\u00edode de conservaci\u00f3 de les dades:<\/strong> es conservaran en el sistema de canal de den\u00fancies nom\u00e9s durant el temps imprescindible per a decidir sobre la proced\u00e8ncia d&#8217;iniciar una recerca sobre els fets informats. En tot cas, transcorreguts tres mesos des de la recepci\u00f3 de la comunicaci\u00f3 sense que s&#8217;haguessin iniciat actuacions de recerca, es procedir\u00e0 a la seva anonimitzaci\u00f3 amb la finalitat de deixar evid\u00e8ncies del funcionament del sistema. L&#8217;empresa disposa d&#8217;un llibre registro d&#8217;informaci\u00f3 i recerca de les informacions rebudes garantint la confidencialitat d&#8217;aquestes tal com s&#8217;estableix legalment i conservant les dades personals per un per\u00edode no superior a deu anys.<\/li><\/ul><h2>DRETS DE PROTECCI\u00d3 DE DADES:<\/h2><p>L\u2019interessat, en relaci\u00f3 a les dades que s\u00f3n tractats per Ara Vinc S.L., t\u00e9 la possibilitat d\u2019exercitar de manera lliure i gratu\u00efta els seg\u00fcents drets:<\/p><ul class=\"arali\"><li>Accedir a les seves dades personals.<br>Rectificar les seves dades personals quan resultin inexactes o incomplets.<\/li><li>Suprimir les seves dades personals quan no siguin necessaris per als fins per als quals van ser recaptats, entre altres motius.<\/li><li>Limitar el tractament per part de Ara Vinc S.L. de tots o part de les seves dades personals en les circumst\u00e0ncies que determina la llei.<\/li><li>Oposar-se a determinats tractaments en les circumst\u00e0ncies i per motius relacionats amb la seva situaci\u00f3 particular.<\/li><li>Sol\u00b7licitar la portabilitat de les seves dades personals en un format interoperable i autosuficient.<\/li><li>Retirar, en qualsevol moment, els consentiments atorgats pr\u00e8viament.<\/li><\/ul><p>Per a l\u2019exercici d\u2019aquests drets pot dirigir-se per escrit a Ara Vinc S.L., acreditant degudament la seva identitat, a trav\u00e9s de:<\/p><ul class=\"arali\"><li>Correu electr\u00f2nic: delegatlopd@aravinc.com<\/li><li>Correu postal: C\/ Salvador Espriu, 5-7 08908 \u2013 L\u2019Hospitalet de Llobregat (Barcelona), amb la refer\u00e8ncia \u201cProtecci\u00f3 de Dades\u201d.<br>De manera presencial en les nostres oficines.<\/li><\/ul><p>En cas de disconformitat amb la resposta obtinguda, us podeu adre\u00e7ar a l\u2019Ag\u00e8ncia Espanyola de Protecci\u00f3 de Dades Personals a trav\u00e9s del web www.aepd.es.<\/p>\t\t\t\t\t\t\t\t<\/div>\n\t\t\t\t<\/div>\n\t\t\t\t\t<\/div>\n\t\t<\/div>\n\t\t\t\t\t<\/div>\n\t\t<\/section>\n\t\t\t\t<\/div>\n\t\t","protected":false},"excerpt":{"rendered":"<p>Pol\u00edtica de privadesa TRACTAMENT DE DADES PERSONALS ARA VINC S.L., com a responsable del tractament, amb CIF B-59.460.618, us informa en virtut de la legislaci\u00f3 vigent en mat\u00e8ria de protecci\u00f3 de dades de car\u00e0cter personal, que les dades personals recollides mitjan\u00e7ant els diferents formularis del website, els que que faci arribar a les adreces de [&hellip;]<\/p>\n","protected":false},"author":3,"featured_media":0,"parent":0,"menu_order":0,"comment_status":"closed","ping_status":"closed","template":"elementor_header_footer","meta":{"_acf_changed":false,"inline_featured_image":false,"footnotes":""},"class_list":["post-2997","page","type-page","status-publish","hentry"],"acf":[],"yoast_head":"<!-- This site is optimized with the Yoast SEO plugin v27.6 - https:\/\/yoast.com\/product\/yoast-seo-wordpress\/ -->\n<title>\u25b7 AraVinc | Pol\u00edtica de privadesa<\/title>\n<meta name=\"description\" content=\"Pol\u00edtica de privadesaTRACTAMENT DE DADES PERSONALSARA VINC S.L., com a responsable del tractament, amb CIF B-59.460.618, us informa en virtut de la \u2713\" \/>\n<meta name=\"robots\" content=\"noindex, nofollow\" \/>\n<meta property=\"og:locale\" content=\"ca_ES\" \/>\n<meta property=\"og:type\" content=\"article\" \/>\n<meta property=\"og:title\" content=\"\u25b7 AraVinc | Pol\u00edtica de privadesa\" \/>\n<meta property=\"og:description\" content=\"Pol\u00edtica de privadesaTRACTAMENT DE DADES PERSONALSARA VINC S.L., com a responsable del tractament, amb CIF B-59.460.618, us informa en virtut de la \u2713\" \/>\n<meta property=\"og:url\" content=\"https:\/\/www.aravinc.com\/ca\/politica-de-privacitat\/\" \/>\n<meta property=\"og:site_name\" content=\"AraVinc\" \/>\n<meta property=\"article:modified_time\" content=\"2025-11-05T10:30:11+00:00\" \/>\n<meta name=\"twitter:card\" content=\"summary_large_image\" \/>\n<meta name=\"twitter:label1\" content=\"Temps estimat de lectura\" \/>\n\t<meta name=\"twitter:data1\" content=\"10 minuts\" \/>\n<script type=\"application\/ld+json\" class=\"yoast-schema-graph\">{\"@context\":\"https:\\\/\\\/schema.org\",\"@graph\":[{\"@type\":\"WebPage\",\"@id\":\"https:\\\/\\\/www.aravinc.com\\\/ca\\\/politica-de-privacitat\\\/\",\"url\":\"https:\\\/\\\/www.aravinc.com\\\/ca\\\/politica-de-privacitat\\\/\",\"name\":\"\u25b7 AraVinc | Pol\u00edtica de privadesa\",\"isPartOf\":{\"@id\":\"https:\\\/\\\/www.aravinc.com\\\/#website\"},\"datePublished\":\"2021-10-14T13:46:36+00:00\",\"dateModified\":\"2025-11-05T10:30:11+00:00\",\"description\":\"Pol\u00edtica de privadesaTRACTAMENT DE DADES PERSONALSARA VINC S.L., com a responsable del tractament, amb CIF B-59.460.618, us informa en virtut de la \u2713\",\"breadcrumb\":{\"@id\":\"https:\\\/\\\/www.aravinc.com\\\/ca\\\/politica-de-privacitat\\\/#breadcrumb\"},\"inLanguage\":\"ca\",\"potentialAction\":[{\"@type\":\"ReadAction\",\"target\":[\"https:\\\/\\\/www.aravinc.com\\\/ca\\\/politica-de-privacitat\\\/\"]}]},{\"@type\":\"BreadcrumbList\",\"@id\":\"https:\\\/\\\/www.aravinc.com\\\/ca\\\/politica-de-privacitat\\\/#breadcrumb\",\"itemListElement\":[{\"@type\":\"ListItem\",\"position\":1,\"name\":\"Portada\",\"item\":\"https:\\\/\\\/www.aravinc.com\\\/\"},{\"@type\":\"ListItem\",\"position\":2,\"name\":\"Pol\u00edtica de privadesa\"}]},{\"@type\":\"WebSite\",\"@id\":\"https:\\\/\\\/www.aravinc.com\\\/#website\",\"url\":\"https:\\\/\\\/www.aravinc.com\\\/\",\"name\":\"AraVinc\",\"description\":\"Empresa de mensajer\u00eda\",\"potentialAction\":[{\"@type\":\"SearchAction\",\"target\":{\"@type\":\"EntryPoint\",\"urlTemplate\":\"https:\\\/\\\/www.aravinc.com\\\/?s={search_term_string}\"},\"query-input\":{\"@type\":\"PropertyValueSpecification\",\"valueRequired\":true,\"valueName\":\"search_term_string\"}}],\"inLanguage\":\"ca\"}]}<\/script>\n<!-- \/ Yoast SEO plugin. -->","yoast_head_json":{"title":"\u25b7 AraVinc | Pol\u00edtica de privadesa","description":"Pol\u00edtica de privadesaTRACTAMENT DE DADES PERSONALSARA VINC S.L., com a responsable del tractament, amb CIF B-59.460.618, us informa en virtut de la \u2713","robots":{"index":"noindex","follow":"nofollow"},"og_locale":"ca_ES","og_type":"article","og_title":"\u25b7 AraVinc | Pol\u00edtica de privadesa","og_description":"Pol\u00edtica de privadesaTRACTAMENT DE DADES PERSONALSARA VINC S.L., com a responsable del tractament, amb CIF B-59.460.618, us informa en virtut de la \u2713","og_url":"https:\/\/www.aravinc.com\/ca\/politica-de-privacitat\/","og_site_name":"AraVinc","article_modified_time":"2025-11-05T10:30:11+00:00","twitter_card":"summary_large_image","twitter_misc":{"Temps estimat de lectura":"10 minuts"},"schema":{"@context":"https:\/\/schema.org","@graph":[{"@type":"WebPage","@id":"https:\/\/www.aravinc.com\/ca\/politica-de-privacitat\/","url":"https:\/\/www.aravinc.com\/ca\/politica-de-privacitat\/","name":"\u25b7 AraVinc | Pol\u00edtica de privadesa","isPartOf":{"@id":"https:\/\/www.aravinc.com\/#website"},"datePublished":"2021-10-14T13:46:36+00:00","dateModified":"2025-11-05T10:30:11+00:00","description":"Pol\u00edtica de privadesaTRACTAMENT DE DADES PERSONALSARA VINC S.L., com a responsable del tractament, amb CIF B-59.460.618, us informa en virtut de la \u2713","breadcrumb":{"@id":"https:\/\/www.aravinc.com\/ca\/politica-de-privacitat\/#breadcrumb"},"inLanguage":"ca","potentialAction":[{"@type":"ReadAction","target":["https:\/\/www.aravinc.com\/ca\/politica-de-privacitat\/"]}]},{"@type":"BreadcrumbList","@id":"https:\/\/www.aravinc.com\/ca\/politica-de-privacitat\/#breadcrumb","itemListElement":[{"@type":"ListItem","position":1,"name":"Portada","item":"https:\/\/www.aravinc.com\/"},{"@type":"ListItem","position":2,"name":"Pol\u00edtica de privadesa"}]},{"@type":"WebSite","@id":"https:\/\/www.aravinc.com\/#website","url":"https:\/\/www.aravinc.com\/","name":"AraVinc","description":"Empresa de mensajer\u00eda","potentialAction":[{"@type":"SearchAction","target":{"@type":"EntryPoint","urlTemplate":"https:\/\/www.aravinc.com\/?s={search_term_string}"},"query-input":{"@type":"PropertyValueSpecification","valueRequired":true,"valueName":"search_term_string"}}],"inLanguage":"ca"}]}},"_links":{"self":[{"href":"https:\/\/www.aravinc.com\/ca\/wp-json\/wp\/v2\/pages\/2997","targetHints":{"allow":["GET"]}}],"collection":[{"href":"https:\/\/www.aravinc.com\/ca\/wp-json\/wp\/v2\/pages"}],"about":[{"href":"https:\/\/www.aravinc.com\/ca\/wp-json\/wp\/v2\/types\/page"}],"author":[{"embeddable":true,"href":"https:\/\/www.aravinc.com\/ca\/wp-json\/wp\/v2\/users\/3"}],"replies":[{"embeddable":true,"href":"https:\/\/www.aravinc.com\/ca\/wp-json\/wp\/v2\/comments?post=2997"}],"version-history":[{"count":5,"href":"https:\/\/www.aravinc.com\/ca\/wp-json\/wp\/v2\/pages\/2997\/revisions"}],"predecessor-version":[{"id":3653,"href":"https:\/\/www.aravinc.com\/ca\/wp-json\/wp\/v2\/pages\/2997\/revisions\/3653"}],"wp:attachment":[{"href":"https:\/\/www.aravinc.com\/ca\/wp-json\/wp\/v2\/media?parent=2997"}],"curies":[{"name":"wp","href":"https:\/\/api.w.org\/{rel}","templated":true}]}}