{"id":2993,"date":"2021-10-16T15:24:59","date_gmt":"2021-10-16T13:24:59","guid":{"rendered":"https:\/\/www.aravinc.com\/avis-legal\/"},"modified":"2024-03-01T09:28:55","modified_gmt":"2024-03-01T08:28:55","slug":"avis-legal","status":"publish","type":"page","link":"https:\/\/www.aravinc.com\/ca\/avis-legal\/","title":{"rendered":"Av\u00eds Legal"},"content":{"rendered":"\t\t<div data-elementor-type=\"wp-page\" data-elementor-id=\"2993\" class=\"elementor elementor-2993 elementor-57\" data-elementor-post-type=\"page\">\n\t\t\t\t\t\t<section class=\"elementor-section elementor-top-section elementor-element elementor-element-83c3299 elementor-section-boxed elementor-section-height-default elementor-section-height-default\" data-id=\"83c3299\" data-element_type=\"section\" data-e-type=\"section\">\n\t\t\t\t\t\t<div class=\"elementor-container elementor-column-gap-default\">\n\t\t\t\t\t<div class=\"elementor-column elementor-col-100 elementor-top-column elementor-element elementor-element-08780a7\" data-id=\"08780a7\" data-element_type=\"column\" data-e-type=\"column\">\n\t\t\t<div class=\"elementor-widget-wrap elementor-element-populated\">\n\t\t\t\t\t\t<div class=\"elementor-element elementor-element-f2b704f avlegal elementor-widget elementor-widget-text-editor\" data-id=\"f2b704f\" data-element_type=\"widget\" data-e-type=\"widget\" data-widget_type=\"text-editor.default\">\n\t\t\t\t<div class=\"elementor-widget-container\">\n\t\t\t\t\t\t\t\t\t<h1>Av\u00eds Legal<\/h1>\n<h2>CONDICIONS GENERALS D\u2019\u00daS<\/h2>\n<p>Ara Vinc S.L. l\u2019informa que l\u2019acc\u00e9s i \u00fas d\u2019aquesta p\u00e0gina web i tots els subdominis i directoris inclosos sota la mateixa (d\u2019ara endavant el website), aix\u00ed com els serveis o continguts que a trav\u00e9s d\u2019ell es puguin obtenir, estan subjectes als termes que es detallen en aquest av\u00eds legal, sense perjudici que l\u2019acc\u00e9s a algun d\u2019aquests serveis o continguts pugui precisar de l\u2019acceptaci\u00f3 d\u2019unes Condicions Generals, o particulars, addicionals.<\/p>\n\n<p>Ara Vinc S.L. es reserva el dret a fer canvis en el website sense previ av\u00eds, a fi d\u2019actualitzar, corregir, modificar, afegir o eliminar els continguts del website o del seu disseny. Els continguts i serveis del website s\u2019actualitzen peri\u00f2dicament, per la qual cosa suggerim que comprovi sempre la vig\u00e8ncia i exactitud de la informaci\u00f3, serveis i continguts recollits en el website, aix\u00ed com la revisi\u00f3 del present av\u00eds legal.<\/p>\n\n<p>El codi font, els dissenys gr\u00e0fics, les imatges, les fotografies, els sons, les animacions, el programari, els textos, els noms de domini, els signes distintius, aix\u00ed com la informaci\u00f3 i els continguts recollits al llarg de tot el website pertanyen a Ara Vinc S.L. i estan protegits pels corresponents drets de propietat intel\u00b7lectual i industrial.<\/p>\n\n<p>La seva utilitzaci\u00f3, reproducci\u00f3, distribuci\u00f3, comunicaci\u00f3 p\u00fablica, transformaci\u00f3 o qualsevol altra activitat similar o an\u00e0loga, queda totalment prohibida tret que medi\u00ef expressa autoritzaci\u00f3 de Ara Vinc S.L. L\u2019usuari, exclusivament, pot utilitzar el material que aparegui en el website per al seu \u00fas personal i privat, quedant prohibit el seu \u00fas amb finalitats comercials o qualsevol altre \u00fas que no sigui personal i privat.<\/p>\n\n<p>Ara Vinc S.L. declara el seu respecte als drets de propietat intel\u00b7lectual i industrial de tercers. Si considera que aquest website pogu\u00e9s estar violant els seus drets, preguem que es posi en contacte amb Ara Vinc S.L. enviant un correu electr\u00f2nic a l\u2019adre\u00e7a delegatlopd@aravinc.com indicant en l\u2019assumpte del correu \u201cRef. Website\u201d.<\/p>\n\n<h2>INFORMACI\u00d3 GENERAL<\/h2>\n<p>En compliment del que es preveu en la Llei 34\/2002, d\u201911 de juliol, de Serveis de la Societat de la Informaci\u00f3 i de Comer\u00e7 Electr\u00f2nic s\u2019informa l\u2019usuari que la p\u00e0gina web corporativa de Ara Vinc S.L. es troba allotjada en el domini aravinc.com, propietat de la societat Ara Vinc S.L.<\/p>\n\n<p>Ara Vinc S.L. \u00e9s una Societat Limitada la seu social de la qual est\u00e0 situada en C\/ Salvador Espriu, 5-7 08908 \u2013 L\u2019Hospitalet de Llobregat (Barcelona) amb NIF: B-59.460.618. Ara Vinc S.L. \u00e9s una societat inscrita en el registre mercantil de Barcelona, Tom 20684 Foli 171 Fulla B-11059.<\/p>\n\n<p>Ara Vinc S.L. <b>realitza activitats de missatgeria, courier i serveis log\u00edstics.<\/b> Per a establir una comunicaci\u00f3 directa i efectiva amb Ara Vinc S.L. pot trucar al tel\u00e8fon <b>902.340.680<\/b> o escriure a l\u2019adre\u00e7a de correu electr\u00f2nic delegatlopd@aravinc.com indicant en l\u2019assumpte del correu \u201cRef. Av\u00eds Legal\u201d.<\/p>\n<h2>LINKS O ENLLA\u00c7OS A ALTRES LLOCS WEBS<\/h2>\n<p>Ara Vinc S.L. ha incl\u00f2s en el website enllacis a altres p\u00e0gines web que considera poden ser del seu inter\u00e8s. L\u2019objectiu d\u2019aquests enlla\u00e7os \u00e9s \u00fanicament facilitar-li la cerca d\u2019altres recursos del seu inter\u00e8s a trav\u00e9s d\u2019Internet.<\/p>\n\n<p>Aquestes p\u00e0gines no pertanyen a Ara Vinc S.L. i no fa una revisi\u00f3 dels seus continguts, per la qual cosa, Ara Vinc S.L. no pot fer-se responsable dels continguts, del funcionament de la p\u00e0gina enlla\u00e7ada o dels possibles danys que puguin derivar-se de l\u2019acc\u00e9s o \u00fas d\u2019aquesta. Ara Vinc S.L. es mostra plenament respectuosa amb els drets de propietat intel\u00b7lectual o industrial que li puguin correspondre, a terceres persones, sobre les p\u00e0gines web a les quals es refereixin els links inserits en el website. Per tal motiu, si considera que la inclusi\u00f3 d\u2019aquests enlla\u00e7os en el website pogu\u00e9s estar violant els seus drets, li preguem que es posi en contacte amb Ara Vinc S.L. enviant un correu electr\u00f2nic a l\u2019adre\u00e7a delegatlopd@aravinc.com indicant en l\u2019assumpte del correu \u201cRef. Website\u201d.<\/p>\n\n<p>D\u2019altra banda, amb car\u00e0cter general s\u2019autoritza l\u2019enlla\u00e7 de p\u00e0gines web o d\u2019adreces de correu electr\u00f2nic al website, a excepci\u00f3 d\u2019aquells sup\u00f2sits en els quals expressament Ara Vinc S.L. manifesti el contrari.<\/p>\n\n<p>Addicionalment, i en tot cas per a entendre aplicable aquesta autoritzaci\u00f3 general, aquests enlla\u00e7os hauran de respectar, necess\u00e0riament, la seg\u00fcent condici\u00f3: l\u2019establiment de l\u2019enlla\u00e7 no suposar\u00e0, per si mateix, cap mena d\u2019acord, contracte, patrocini ni recomanaci\u00f3 per part de Ara Vinc S.L. de la p\u00e0gina que realitza l\u2019enlla\u00e7.<\/p>\n\n<p>No obstant l\u2019anterior, en qualsevol moment Ara Vinc S.L. podr\u00e0 retirar l\u2019autoritzaci\u00f3 esmentada en el par\u00e0graf anterior, sense necessitat d\u2019al\u00b7legar cap causa. En tal cas, la p\u00e0gina que hagi realitzat l\u2019enlla\u00e7 haur\u00e0 de procedir a la seva immediata supressi\u00f3, tan aviat com rebi la notificaci\u00f3 de la revocaci\u00f3 de l\u2019autoritzaci\u00f3 per part de Ara Vinc S.L.<\/p>\n\n<h2>COOKIES<\/h2>\n<p>Per a veure la pol\u00edtica de cookies del website, li emplacem al fet que es dirigeixi a la secci\u00f3 concreta del website on l\u2019informem de forma m\u00e9s particular sobre les cookies utilitzades, la seva finalitat, i com pot bloquejar-les.<\/p>\n\n<h2>PROTECCI\u00d3 DE DADES<\/h2>\n<p>Per a consultar el detall sobre la identitat del responsable del tractament, els tractaments de dades personals que efectuem, les finalitats amb les quals s\u2019efectuen els tractaments, els per\u00edodes de retenci\u00f3 i sobre l\u2019exercici dels seus drets, li emplacem al fet que es dirigeixi a la secci\u00f3 concreta del website on es descriu la pol\u00edtica de privacitat.<\/p>\t\t\t\t\t\t\t\t<\/div>\n\t\t\t\t<\/div>\n\t\t\t\t\t<\/div>\n\t\t<\/div>\n\t\t\t\t\t<\/div>\n\t\t<\/section>\n\t\t\t\t<\/div>\n\t\t","protected":false},"excerpt":{"rendered":"<p>Av\u00eds Legal CONDICIONS GENERALS D\u2019\u00daS Ara Vinc S.L. l\u2019informa que l\u2019acc\u00e9s i \u00fas d\u2019aquesta p\u00e0gina web i tots els subdominis i directoris inclosos sota la mateixa (d\u2019ara endavant el website), aix\u00ed com els serveis o continguts que a trav\u00e9s d\u2019ell es puguin obtenir, estan subjectes als termes que es detallen en aquest av\u00eds legal, sense [&hellip;]<\/p>\n","protected":false},"author":3,"featured_media":0,"parent":0,"menu_order":0,"comment_status":"closed","ping_status":"closed","template":"elementor_header_footer","meta":{"_acf_changed":false,"inline_featured_image":false,"footnotes":""},"class_list":["post-2993","page","type-page","status-publish","hentry"],"acf":[],"yoast_head":"<!-- This site is optimized with the Yoast SEO plugin v27.6 - https:\/\/yoast.com\/product\/yoast-seo-wordpress\/ -->\n<title>\u25b7 AraVinc | Av\u00eds Legal<\/title>\n<meta name=\"description\" content=\"Av\u00eds Legal CONDICIONS GENERALS D\u2019\u00daS Ara Vinc S.L. l\u2019informa que l\u2019acc\u00e9s i \u00fas d\u2019aquesta p\u00e0gina web i tots els subdominis i directoris inclosos sota la \u2713\" \/>\n<meta name=\"robots\" content=\"noindex, nofollow\" \/>\n<meta property=\"og:locale\" content=\"ca_ES\" \/>\n<meta property=\"og:type\" content=\"article\" \/>\n<meta property=\"og:title\" content=\"\u25b7 AraVinc | Av\u00eds Legal\" \/>\n<meta property=\"og:description\" content=\"Av\u00eds Legal CONDICIONS GENERALS D\u2019\u00daS Ara Vinc S.L. l\u2019informa que l\u2019acc\u00e9s i \u00fas d\u2019aquesta p\u00e0gina web i tots els subdominis i directoris inclosos sota la \u2713\" \/>\n<meta property=\"og:url\" content=\"https:\/\/www.aravinc.com\/aviso-legal\/\" \/>\n<meta property=\"og:site_name\" content=\"AraVinc\" \/>\n<meta property=\"article:modified_time\" content=\"2024-03-01T08:28:55+00:00\" \/>\n<meta name=\"twitter:card\" content=\"summary_large_image\" \/>\n<meta name=\"twitter:label1\" content=\"Temps estimat de lectura\" \/>\n\t<meta name=\"twitter:data1\" content=\"5 minuts\" \/>\n<script type=\"application\/ld+json\" class=\"yoast-schema-graph\">{\"@context\":\"https:\\\/\\\/schema.org\",\"@graph\":[{\"@type\":\"WebPage\",\"@id\":\"https:\\\/\\\/www.aravinc.com\\\/aviso-legal\\\/\",\"url\":\"https:\\\/\\\/www.aravinc.com\\\/aviso-legal\\\/\",\"name\":\"\u25b7 AraVinc | Av\u00eds Legal\",\"isPartOf\":{\"@id\":\"https:\\\/\\\/www.aravinc.com\\\/#website\"},\"datePublished\":\"2021-10-16T13:24:59+00:00\",\"dateModified\":\"2024-03-01T08:28:55+00:00\",\"description\":\"Av\u00eds Legal CONDICIONS GENERALS D\u2019\u00daS Ara Vinc S.L. l\u2019informa que l\u2019acc\u00e9s i \u00fas d\u2019aquesta p\u00e0gina web i tots els subdominis i directoris inclosos sota la \u2713\",\"breadcrumb\":{\"@id\":\"https:\\\/\\\/www.aravinc.com\\\/aviso-legal\\\/#breadcrumb\"},\"inLanguage\":\"ca\",\"potentialAction\":[{\"@type\":\"ReadAction\",\"target\":[\"https:\\\/\\\/www.aravinc.com\\\/aviso-legal\\\/\"]}]},{\"@type\":\"BreadcrumbList\",\"@id\":\"https:\\\/\\\/www.aravinc.com\\\/aviso-legal\\\/#breadcrumb\",\"itemListElement\":[{\"@type\":\"ListItem\",\"position\":1,\"name\":\"Portada\",\"item\":\"https:\\\/\\\/www.aravinc.com\\\/\"},{\"@type\":\"ListItem\",\"position\":2,\"name\":\"Av\u00eds Legal\"}]},{\"@type\":\"WebSite\",\"@id\":\"https:\\\/\\\/www.aravinc.com\\\/#website\",\"url\":\"https:\\\/\\\/www.aravinc.com\\\/\",\"name\":\"AraVinc\",\"description\":\"Empresa de mensajer\u00eda\",\"potentialAction\":[{\"@type\":\"SearchAction\",\"target\":{\"@type\":\"EntryPoint\",\"urlTemplate\":\"https:\\\/\\\/www.aravinc.com\\\/?s={search_term_string}\"},\"query-input\":{\"@type\":\"PropertyValueSpecification\",\"valueRequired\":true,\"valueName\":\"search_term_string\"}}],\"inLanguage\":\"ca\"}]}<\/script>\n<!-- \/ Yoast SEO plugin. -->","yoast_head_json":{"title":"\u25b7 AraVinc | Av\u00eds Legal","description":"Av\u00eds Legal CONDICIONS GENERALS D\u2019\u00daS Ara Vinc S.L. l\u2019informa que l\u2019acc\u00e9s i \u00fas d\u2019aquesta p\u00e0gina web i tots els subdominis i directoris inclosos sota la \u2713","robots":{"index":"noindex","follow":"nofollow"},"og_locale":"ca_ES","og_type":"article","og_title":"\u25b7 AraVinc | Av\u00eds Legal","og_description":"Av\u00eds Legal CONDICIONS GENERALS D\u2019\u00daS Ara Vinc S.L. l\u2019informa que l\u2019acc\u00e9s i \u00fas d\u2019aquesta p\u00e0gina web i tots els subdominis i directoris inclosos sota la \u2713","og_url":"https:\/\/www.aravinc.com\/aviso-legal\/","og_site_name":"AraVinc","article_modified_time":"2024-03-01T08:28:55+00:00","twitter_card":"summary_large_image","twitter_misc":{"Temps estimat de lectura":"5 minuts"},"schema":{"@context":"https:\/\/schema.org","@graph":[{"@type":"WebPage","@id":"https:\/\/www.aravinc.com\/aviso-legal\/","url":"https:\/\/www.aravinc.com\/aviso-legal\/","name":"\u25b7 AraVinc | Av\u00eds Legal","isPartOf":{"@id":"https:\/\/www.aravinc.com\/#website"},"datePublished":"2021-10-16T13:24:59+00:00","dateModified":"2024-03-01T08:28:55+00:00","description":"Av\u00eds Legal CONDICIONS GENERALS D\u2019\u00daS Ara Vinc S.L. l\u2019informa que l\u2019acc\u00e9s i \u00fas d\u2019aquesta p\u00e0gina web i tots els subdominis i directoris inclosos sota la \u2713","breadcrumb":{"@id":"https:\/\/www.aravinc.com\/aviso-legal\/#breadcrumb"},"inLanguage":"ca","potentialAction":[{"@type":"ReadAction","target":["https:\/\/www.aravinc.com\/aviso-legal\/"]}]},{"@type":"BreadcrumbList","@id":"https:\/\/www.aravinc.com\/aviso-legal\/#breadcrumb","itemListElement":[{"@type":"ListItem","position":1,"name":"Portada","item":"https:\/\/www.aravinc.com\/"},{"@type":"ListItem","position":2,"name":"Av\u00eds Legal"}]},{"@type":"WebSite","@id":"https:\/\/www.aravinc.com\/#website","url":"https:\/\/www.aravinc.com\/","name":"AraVinc","description":"Empresa de mensajer\u00eda","potentialAction":[{"@type":"SearchAction","target":{"@type":"EntryPoint","urlTemplate":"https:\/\/www.aravinc.com\/?s={search_term_string}"},"query-input":{"@type":"PropertyValueSpecification","valueRequired":true,"valueName":"search_term_string"}}],"inLanguage":"ca"}]}},"_links":{"self":[{"href":"https:\/\/www.aravinc.com\/ca\/wp-json\/wp\/v2\/pages\/2993","targetHints":{"allow":["GET"]}}],"collection":[{"href":"https:\/\/www.aravinc.com\/ca\/wp-json\/wp\/v2\/pages"}],"about":[{"href":"https:\/\/www.aravinc.com\/ca\/wp-json\/wp\/v2\/types\/page"}],"author":[{"embeddable":true,"href":"https:\/\/www.aravinc.com\/ca\/wp-json\/wp\/v2\/users\/3"}],"replies":[{"embeddable":true,"href":"https:\/\/www.aravinc.com\/ca\/wp-json\/wp\/v2\/comments?post=2993"}],"version-history":[{"count":5,"href":"https:\/\/www.aravinc.com\/ca\/wp-json\/wp\/v2\/pages\/2993\/revisions"}],"predecessor-version":[{"id":3054,"href":"https:\/\/www.aravinc.com\/ca\/wp-json\/wp\/v2\/pages\/2993\/revisions\/3054"}],"wp:attachment":[{"href":"https:\/\/www.aravinc.com\/ca\/wp-json\/wp\/v2\/media?parent=2993"}],"curies":[{"name":"wp","href":"https:\/\/api.w.org\/{rel}","templated":true}]}}