{"id":2965,"date":"2024-02-09T10:07:08","date_gmt":"2024-02-09T09:07:08","guid":{"rendered":"https:\/\/www.aravinc.com\/canal-de-denuncies\/"},"modified":"2026-04-20T17:38:28","modified_gmt":"2026-04-20T15:38:28","slug":"canal-de-denuncies","status":"publish","type":"page","link":"https:\/\/www.aravinc.com\/ca\/canal-de-denuncies\/","title":{"rendered":"Canal de den\u00fancies"},"content":{"rendered":"\t\t<div data-elementor-type=\"wp-page\" data-elementor-id=\"2965\" class=\"elementor elementor-2965 elementor-1377\" data-elementor-post-type=\"page\">\n\t\t\t\t\t\t<section class=\"elementor-section elementor-top-section elementor-element elementor-element-ba2e9c2 elementor-section-boxed elementor-section-height-default elementor-section-height-default\" data-id=\"ba2e9c2\" data-element_type=\"section\" data-e-type=\"section\">\n\t\t\t\t\t\t<div class=\"elementor-container elementor-column-gap-default\">\n\t\t\t\t\t<div class=\"elementor-column elementor-col-100 elementor-top-column elementor-element elementor-element-788c758\" data-id=\"788c758\" data-element_type=\"column\" data-e-type=\"column\">\n\t\t\t<div class=\"elementor-widget-wrap elementor-element-populated\">\n\t\t\t\t\t\t<div class=\"elementor-element elementor-element-569a232 elementor-widget elementor-widget-heading\" data-id=\"569a232\" data-element_type=\"widget\" data-e-type=\"widget\" data-widget_type=\"heading.default\">\n\t\t\t\t<div class=\"elementor-widget-container\">\n\t\t\t\t\t<h2 class=\"elementor-heading-title elementor-size-default\">Canal de den\u00fancies<\/h2>\t\t\t\t<\/div>\n\t\t\t\t<\/div>\n\t\t\t\t<div class=\"elementor-element elementor-element-9d55016 elementor-widget elementor-widget-heading\" data-id=\"9d55016\" data-element_type=\"widget\" data-e-type=\"widget\" data-widget_type=\"heading.default\">\n\t\t\t\t<div class=\"elementor-widget-container\">\n\t\t\t\t\t<h2 class=\"elementor-heading-title elementor-size-default\">INTRODUCCI\u00d3<\/h2>\t\t\t\t<\/div>\n\t\t\t\t<\/div>\n\t\t\t\t<div class=\"elementor-element elementor-element-52466f3 elementor-widget elementor-widget-text-editor\" data-id=\"52466f3\" data-element_type=\"widget\" data-e-type=\"widget\" data-widget_type=\"text-editor.default\">\n\t\t\t\t<div class=\"elementor-widget-container\">\n\t\t\t\t\t\t\t\t\tARAVINC, S.L. disposa d\u2019un canal de den\u00fancies a fi que les persones que siguin coneixedores d\u2019infraccions greus o delictes comesos durant l\u2019exercici de la seva activitat o relaci\u00f3 amb la companyia les puguin informar. El canal \u00e9s l\u2019instrument de comunicaci\u00f3 que integra el sistema intern d\u2019informaci\u00f3 de l\u2019organitzaci\u00f3.\t\t\t\t\t\t\t\t<\/div>\n\t\t\t\t<\/div>\n\t\t\t\t<div class=\"elementor-element elementor-element-d8d605c elementor-widget elementor-widget-heading\" data-id=\"d8d605c\" data-element_type=\"widget\" data-e-type=\"widget\" data-widget_type=\"heading.default\">\n\t\t\t\t<div class=\"elementor-widget-container\">\n\t\t\t\t\t<h2 class=\"elementor-heading-title elementor-size-default\">QUI POT INFORMAR\/DENUNCIAR A TRAV\u00c9S DEL CANAL DE DEN\u00daNCIES<\/h2>\t\t\t\t<\/div>\n\t\t\t\t<\/div>\n\t\t\t\t<div class=\"elementor-element elementor-element-cee531b elementor-widget elementor-widget-text-editor\" data-id=\"cee531b\" data-element_type=\"widget\" data-e-type=\"widget\" data-widget_type=\"text-editor.default\">\n\t\t\t\t<div class=\"elementor-widget-container\">\n\t\t\t\t\t\t\t\t\tPersones treballadores actuals de la companyia o antigues. Personal de diferent car\u00e0cter: voluntariat; becat; en per\u00edodes de formaci\u00f3; candidatures; aut\u00f2noms; persones s\u00f2cies; personal d\u2019empreses contractistes, subcontractistes, prove\u00efdors; representants legals de les persones treballadores o persones f\u00edsiques que assessorin la persona informant; persones f\u00edsiques que estiguin relacionades amb la persona informant i que puguin patir repres\u00e0lies, com a companys\/es de treball o familiars de la persona informant; persones jur\u00eddiques, per a les quals es treballi o amb les quals es mantingui qualsevol altre tipus de relaci\u00f3 en un context laboral o en qu\u00e8 s\u2019ostenti una participaci\u00f3 significativa.\t\t\t\t\t\t\t\t<\/div>\n\t\t\t\t<\/div>\n\t\t\t\t<div class=\"elementor-element elementor-element-c72b23a elementor-widget elementor-widget-heading\" data-id=\"c72b23a\" data-element_type=\"widget\" data-e-type=\"widget\" data-widget_type=\"heading.default\">\n\t\t\t\t<div class=\"elementor-widget-container\">\n\t\t\t\t\t<h2 class=\"elementor-heading-title elementor-size-default\">QUE ES POT DENUNCIAR<\/h2>\t\t\t\t<\/div>\n\t\t\t\t<\/div>\n\t\t\t\t<div class=\"elementor-element elementor-element-211adbc elementor-widget elementor-widget-text-editor\" data-id=\"211adbc\" data-element_type=\"widget\" data-e-type=\"widget\" data-widget_type=\"text-editor.default\">\n\t\t\t\t<div class=\"elementor-widget-container\">\n\t\t\t\t\t\t\t\t\t<ul class=\"arali\"><li>Accions o omissions que puguin constituir Infraccions del Dret de la Uni\u00f3 Europea.<\/li><li>Accions o omissions que puguin ser constitutives d\u2019infracci\u00f3 penal o administrativa greu o molt greu<\/li><li>Infraccions del Dret laboral en mat\u00e8ria de seguretat i salut a la feina.<\/li><\/ul><p>Aquest canal no \u00e9s un instrument de comunicaci\u00f3 de queixes laborals o mercantils Interparts.<\/p><p>El canal s\u2019ha de fer servir de bona fe. Si la persona denunciant actua amb consci\u00e8ncia de la manca de veracitat de les dades aportades, o amb l\u2019\u00fanica finalitat de denigrar la persona o la instituci\u00f3 denunciades, se li podran exigir les responsabilitats que corresponguin.<\/p>\t\t\t\t\t\t\t\t<\/div>\n\t\t\t\t<\/div>\n\t\t\t\t<div class=\"elementor-element elementor-element-7e5ba65 elementor-widget elementor-widget-heading\" data-id=\"7e5ba65\" data-element_type=\"widget\" data-e-type=\"widget\" data-widget_type=\"heading.default\">\n\t\t\t\t<div class=\"elementor-widget-container\">\n\t\t\t\t\t<h2 class=\"elementor-heading-title elementor-size-default\">CONFIDENCIALITAT I NO REPRES\u00c0LIA<\/h2>\t\t\t\t<\/div>\n\t\t\t\t<\/div>\n\t\t\t\t<div class=\"elementor-element elementor-element-ba4686a elementor-widget elementor-widget-text-editor\" data-id=\"ba4686a\" data-element_type=\"widget\" data-e-type=\"widget\" data-widget_type=\"text-editor.default\">\n\t\t\t\t<div class=\"elementor-widget-container\">\n\t\t\t\t\t\t\t\t\t<p>Aquest sistema garanteix la confidencialitat de la persona denunciant i de qualsevol tercer que aparegui en la comunicaci\u00f3 tant legalment com t\u00e8cnicament i permet l\u2019anonimat. Aix\u00ed mateix, el sistema se sotmet al principi de no repres\u00e0lia per a qualsevol de les persones denunciants o tercers. Quan l\u2019organitzaci\u00f3 tingui coneixement que la persona denunciant o informant ha estat objecte dactes dintimidaci\u00f3 o de repres\u00e0lies, ha de promoure o exercir les accions correctores o restitut\u00f2ries que siguin oportunes.<\/p>\t\t\t\t\t\t\t\t<\/div>\n\t\t\t\t<\/div>\n\t\t\t\t<div class=\"elementor-element elementor-element-2e6ee2a elementor-widget elementor-widget-heading\" data-id=\"2e6ee2a\" data-element_type=\"widget\" data-e-type=\"widget\" data-widget_type=\"heading.default\">\n\t\t\t\t<div class=\"elementor-widget-container\">\n\t\t\t\t\t<h2 class=\"elementor-heading-title elementor-size-default\">DEN\u00daNCIES AN\u00d2NIMES<\/h2>\t\t\t\t<\/div>\n\t\t\t\t<\/div>\n\t\t\t\t<div class=\"elementor-element elementor-element-801601c elementor-widget elementor-widget-text-editor\" data-id=\"801601c\" data-element_type=\"widget\" data-e-type=\"widget\" data-widget_type=\"text-editor.default\">\n\t\t\t\t<div class=\"elementor-widget-container\">\n\t\t\t\t\t\t\t\t\tLa den\u00fancia pot ser an\u00f2nima; el m\u00e9s important \u00e9s la versemblan\u00e7a dels fets exposats, no la persona que presenta aquesta den\u00fancia. L\u2019anonimat, per\u00f2, dificulta la possibilitat de mantenir un canal de comunicaci\u00f3 obert amb la persona denunciant, cosa que facilitaria el proc\u00e9s d\u2019an\u00e0lisi i investigaci\u00f3. Aix\u00ed mateix, depenent del tipus d\u2019infracci\u00f3 denunciada (especialment si afecta directament la persona denunciant), l\u2019anonimat tamb\u00e9 pot dificultar notablement la investigaci\u00f3. \t\t\t\t\t\t\t\t<\/div>\n\t\t\t\t<\/div>\n\t\t\t\t<div class=\"elementor-element elementor-element-f1a8713 elementor-widget elementor-widget-heading\" data-id=\"f1a8713\" data-element_type=\"widget\" data-e-type=\"widget\" data-widget_type=\"heading.default\">\n\t\t\t\t<div class=\"elementor-widget-container\">\n\t\t\t\t\t<h2 class=\"elementor-heading-title elementor-size-default\">TRAMITACI\u00d3 DE LA DEN\u00daNCIA <\/h2>\t\t\t\t<\/div>\n\t\t\t\t<\/div>\n\t\t\t\t<div class=\"elementor-element elementor-element-8989054 elementor-widget elementor-widget-text-editor\" data-id=\"8989054\" data-element_type=\"widget\" data-e-type=\"widget\" data-widget_type=\"text-editor.default\">\n\t\t\t\t<div class=\"elementor-widget-container\">\n\t\t\t\t\t\t\t\t\tL\u2019enviament de la den\u00fancia genera autom\u00e0ticament un n\u00famero de recepci\u00f3 a la disposici\u00f3 de la persona denunciant. La den\u00fancia es trasllada a la persona responsable de sistemes de den\u00fancia de la companyia i s\u2019inicia la fase d\u2019an\u00e0lisi i investigaci\u00f3. Les tramitacions es duran a terme amb la m\u00e0xima reserva i confidencialitat, dacord amb la llei. En un termini m\u00e0xim de tres mesos (prorrogable a 3 mesos m\u00e9s en cas que la investigaci\u00f3 sigui especialment complexa), l\u2019empresa comunicar\u00e0 a la persona denunciant el contingut de la resoluci\u00f3 que se\u2019n deriva de la den\u00fancia. Hi ha la possibilitat de mantenir la comunicaci\u00f3 amb la persona denunciant o que se sol\u00b7liciti informaci\u00f3 addicional. Si de sus investigaciones se desprenden indicios de delito, se trasladar\u00e1n los hechos a la Fiscal\u00eda o a la autoridad judicial.\t\t\t\t\t\t\t\t<\/div>\n\t\t\t\t<\/div>\n\t\t\t\t<div class=\"elementor-element elementor-element-ac456f9 elementor-widget elementor-widget-heading\" data-id=\"ac456f9\" data-element_type=\"widget\" data-e-type=\"widget\" data-widget_type=\"heading.default\">\n\t\t\t\t<div class=\"elementor-widget-container\">\n\t\t\t\t\t<h2 class=\"elementor-heading-title elementor-size-default\">AUTORITAT INDEPENDENT DE PROTECCI\u00d3 DE L\u2019INFORMANT<\/h2>\t\t\t\t<\/div>\n\t\t\t\t<\/div>\n\t\t\t\t<div class=\"elementor-element elementor-element-1ea64dd elementor-widget elementor-widget-text-editor\" data-id=\"1ea64dd\" data-element_type=\"widget\" data-e-type=\"widget\" data-widget_type=\"text-editor.default\">\n\t\t\t\t<div class=\"elementor-widget-container\">\n\t\t\t\t\t\t\t\t\t<p>Us informem que podeu dur a terme la vostra den\u00fancia a trav\u00e9s del canal habilitat a la p\u00e0gina web de l&#8217;Oficina Antifrau de Catalunya, si l&#8217;incompliment se circumscriu a la Comunitat Aut\u00f2noma de Catalunya oa trav\u00e9s del web de l&#8217;Autoritat Independent de Protecci\u00f3 de l&#8217;Informant si els fets informats han succe\u00eft fora d&#8217;aquesta comunitat.<\/p>\t\t\t\t\t\t\t\t<\/div>\n\t\t\t\t<\/div>\n\t\t\t\t<div class=\"elementor-element elementor-element-edea11f elementor-align-center elementor-widget elementor-widget-button\" data-id=\"edea11f\" data-element_type=\"widget\" data-e-type=\"widget\" data-widget_type=\"button.default\">\n\t\t\t\t<div class=\"elementor-widget-container\">\n\t\t\t\t\t\t\t\t\t<div class=\"elementor-button-wrapper\">\n\t\t\t\t\t<a class=\"elementor-button elementor-button-link elementor-size-sm\" href=\"https:\/\/www.aravinc.com\/ca\/canal-de-denuncies-tractament-de-dades\/\">\n\t\t\t\t\t\t<span class=\"elementor-button-content-wrapper\">\n\t\t\t\t\t\t\t\t\t<span class=\"elementor-button-text\">Accedir al canal de den\u00fancies<\/span>\n\t\t\t\t\t<\/span>\n\t\t\t\t\t<\/a>\n\t\t\t\t<\/div>\n\t\t\t\t\t\t\t\t<\/div>\n\t\t\t\t<\/div>\n\t\t\t\t\t<\/div>\n\t\t<\/div>\n\t\t\t\t\t<\/div>\n\t\t<\/section>\n\t\t\t\t<\/div>\n\t\t","protected":false},"excerpt":{"rendered":"<p>Canal de den\u00fancies INTRODUCCI\u00d3 ARAVINC, S.L. disposa d\u2019un canal de den\u00fancies a fi que les persones que siguin coneixedores d\u2019infraccions greus o delictes comesos durant l\u2019exercici de la seva activitat o relaci\u00f3 amb la companyia les puguin informar. El canal \u00e9s l\u2019instrument de comunicaci\u00f3 que integra el sistema intern d\u2019informaci\u00f3 de l\u2019organitzaci\u00f3. QUI POT INFORMAR\/DENUNCIAR [&hellip;]<\/p>\n","protected":false},"author":3,"featured_media":0,"parent":0,"menu_order":0,"comment_status":"closed","ping_status":"closed","template":"","meta":{"_acf_changed":false,"inline_featured_image":false,"footnotes":""},"class_list":["post-2965","page","type-page","status-publish","hentry"],"acf":[],"yoast_head":"<!-- This site is optimized with the Yoast SEO plugin v27.5 - https:\/\/yoast.com\/product\/yoast-seo-wordpress\/ -->\n<title>\u25b7 AraVinc | Canal de den\u00fancies<\/title>\n<meta name=\"description\" content=\"Canal de den\u00fancies INTRODUCCI\u00d3 ARAVINC, S.L. disposa d\u2019un canal de den\u00fancies a fi que les persones que siguin coneixedores d\u2019infraccions greus o delictes \u2713\" \/>\n<meta name=\"robots\" content=\"index, follow, max-snippet:-1, max-image-preview:large, max-video-preview:-1\" \/>\n<link rel=\"canonical\" href=\"https:\/\/www.aravinc.com\/ca\/canal-de-denuncies\/\" \/>\n<meta property=\"og:locale\" content=\"ca_ES\" \/>\n<meta property=\"og:type\" content=\"article\" \/>\n<meta property=\"og:title\" content=\"\u25b7 AraVinc | Canal de den\u00fancies\" \/>\n<meta property=\"og:description\" content=\"Canal de den\u00fancies INTRODUCCI\u00d3 ARAVINC, S.L. disposa d\u2019un canal de den\u00fancies a fi que les persones que siguin coneixedores d\u2019infraccions greus o delictes \u2713\" \/>\n<meta property=\"og:url\" content=\"https:\/\/www.aravinc.com\/ca\/canal-de-denuncies\/\" \/>\n<meta property=\"og:site_name\" content=\"AraVinc\" \/>\n<meta property=\"article:modified_time\" content=\"2026-04-20T15:38:28+00:00\" \/>\n<meta name=\"twitter:card\" content=\"summary_large_image\" \/>\n<meta name=\"twitter:label1\" content=\"Temps estimat de lectura\" \/>\n\t<meta name=\"twitter:data1\" content=\"4 minuts\" \/>\n<script type=\"application\/ld+json\" class=\"yoast-schema-graph\">{\"@context\":\"https:\\\/\\\/schema.org\",\"@graph\":[{\"@type\":\"WebPage\",\"@id\":\"https:\\\/\\\/www.aravinc.com\\\/ca\\\/canal-de-denuncies\\\/\",\"url\":\"https:\\\/\\\/www.aravinc.com\\\/ca\\\/canal-de-denuncies\\\/\",\"name\":\"\u25b7 AraVinc | Canal de den\u00fancies\",\"isPartOf\":{\"@id\":\"https:\\\/\\\/www.aravinc.com\\\/#website\"},\"datePublished\":\"2024-02-09T09:07:08+00:00\",\"dateModified\":\"2026-04-20T15:38:28+00:00\",\"description\":\"Canal de den\u00fancies INTRODUCCI\u00d3 ARAVINC, S.L. disposa d\u2019un canal de den\u00fancies a fi que les persones que siguin coneixedores d\u2019infraccions greus o delictes \u2713\",\"breadcrumb\":{\"@id\":\"https:\\\/\\\/www.aravinc.com\\\/ca\\\/canal-de-denuncies\\\/#breadcrumb\"},\"inLanguage\":\"ca\",\"potentialAction\":[{\"@type\":\"ReadAction\",\"target\":[\"https:\\\/\\\/www.aravinc.com\\\/ca\\\/canal-de-denuncies\\\/\"]}]},{\"@type\":\"BreadcrumbList\",\"@id\":\"https:\\\/\\\/www.aravinc.com\\\/ca\\\/canal-de-denuncies\\\/#breadcrumb\",\"itemListElement\":[{\"@type\":\"ListItem\",\"position\":1,\"name\":\"Portada\",\"item\":\"https:\\\/\\\/www.aravinc.com\\\/\"},{\"@type\":\"ListItem\",\"position\":2,\"name\":\"Canal de den\u00fancies\"}]},{\"@type\":\"WebSite\",\"@id\":\"https:\\\/\\\/www.aravinc.com\\\/#website\",\"url\":\"https:\\\/\\\/www.aravinc.com\\\/\",\"name\":\"AraVinc\",\"description\":\"Empresa de mensajer\u00eda\",\"potentialAction\":[{\"@type\":\"SearchAction\",\"target\":{\"@type\":\"EntryPoint\",\"urlTemplate\":\"https:\\\/\\\/www.aravinc.com\\\/?s={search_term_string}\"},\"query-input\":{\"@type\":\"PropertyValueSpecification\",\"valueRequired\":true,\"valueName\":\"search_term_string\"}}],\"inLanguage\":\"ca\"}]}<\/script>\n<!-- \/ Yoast SEO plugin. -->","yoast_head_json":{"title":"\u25b7 AraVinc | Canal de den\u00fancies","description":"Canal de den\u00fancies INTRODUCCI\u00d3 ARAVINC, S.L. disposa d\u2019un canal de den\u00fancies a fi que les persones que siguin coneixedores d\u2019infraccions greus o delictes \u2713","robots":{"index":"index","follow":"follow","max-snippet":"max-snippet:-1","max-image-preview":"max-image-preview:large","max-video-preview":"max-video-preview:-1"},"canonical":"https:\/\/www.aravinc.com\/ca\/canal-de-denuncies\/","og_locale":"ca_ES","og_type":"article","og_title":"\u25b7 AraVinc | Canal de den\u00fancies","og_description":"Canal de den\u00fancies INTRODUCCI\u00d3 ARAVINC, S.L. disposa d\u2019un canal de den\u00fancies a fi que les persones que siguin coneixedores d\u2019infraccions greus o delictes \u2713","og_url":"https:\/\/www.aravinc.com\/ca\/canal-de-denuncies\/","og_site_name":"AraVinc","article_modified_time":"2026-04-20T15:38:28+00:00","twitter_card":"summary_large_image","twitter_misc":{"Temps estimat de lectura":"4 minuts"},"schema":{"@context":"https:\/\/schema.org","@graph":[{"@type":"WebPage","@id":"https:\/\/www.aravinc.com\/ca\/canal-de-denuncies\/","url":"https:\/\/www.aravinc.com\/ca\/canal-de-denuncies\/","name":"\u25b7 AraVinc | Canal de den\u00fancies","isPartOf":{"@id":"https:\/\/www.aravinc.com\/#website"},"datePublished":"2024-02-09T09:07:08+00:00","dateModified":"2026-04-20T15:38:28+00:00","description":"Canal de den\u00fancies INTRODUCCI\u00d3 ARAVINC, S.L. disposa d\u2019un canal de den\u00fancies a fi que les persones que siguin coneixedores d\u2019infraccions greus o delictes \u2713","breadcrumb":{"@id":"https:\/\/www.aravinc.com\/ca\/canal-de-denuncies\/#breadcrumb"},"inLanguage":"ca","potentialAction":[{"@type":"ReadAction","target":["https:\/\/www.aravinc.com\/ca\/canal-de-denuncies\/"]}]},{"@type":"BreadcrumbList","@id":"https:\/\/www.aravinc.com\/ca\/canal-de-denuncies\/#breadcrumb","itemListElement":[{"@type":"ListItem","position":1,"name":"Portada","item":"https:\/\/www.aravinc.com\/"},{"@type":"ListItem","position":2,"name":"Canal de den\u00fancies"}]},{"@type":"WebSite","@id":"https:\/\/www.aravinc.com\/#website","url":"https:\/\/www.aravinc.com\/","name":"AraVinc","description":"Empresa de mensajer\u00eda","potentialAction":[{"@type":"SearchAction","target":{"@type":"EntryPoint","urlTemplate":"https:\/\/www.aravinc.com\/?s={search_term_string}"},"query-input":{"@type":"PropertyValueSpecification","valueRequired":true,"valueName":"search_term_string"}}],"inLanguage":"ca"}]}},"_links":{"self":[{"href":"https:\/\/www.aravinc.com\/ca\/wp-json\/wp\/v2\/pages\/2965","targetHints":{"allow":["GET"]}}],"collection":[{"href":"https:\/\/www.aravinc.com\/ca\/wp-json\/wp\/v2\/pages"}],"about":[{"href":"https:\/\/www.aravinc.com\/ca\/wp-json\/wp\/v2\/types\/page"}],"author":[{"embeddable":true,"href":"https:\/\/www.aravinc.com\/ca\/wp-json\/wp\/v2\/users\/3"}],"replies":[{"embeddable":true,"href":"https:\/\/www.aravinc.com\/ca\/wp-json\/wp\/v2\/comments?post=2965"}],"version-history":[{"count":5,"href":"https:\/\/www.aravinc.com\/ca\/wp-json\/wp\/v2\/pages\/2965\/revisions"}],"predecessor-version":[{"id":3727,"href":"https:\/\/www.aravinc.com\/ca\/wp-json\/wp\/v2\/pages\/2965\/revisions\/3727"}],"wp:attachment":[{"href":"https:\/\/www.aravinc.com\/ca\/wp-json\/wp\/v2\/media?parent=2965"}],"curies":[{"name":"wp","href":"https:\/\/api.w.org\/{rel}","templated":true}]}}